{"id":2159,"date":"2021-12-14T15:34:39","date_gmt":"2021-12-14T12:34:39","guid":{"rendered":"https:\/\/visiomax.bootests.com\/brochure\/"},"modified":"2022-10-04T16:36:23","modified_gmt":"2022-10-04T13:36:23","slug":"brosur","status":"publish","type":"page","link":"https:\/\/profenvisiomax.com\/tr\/brosur\/","title":{"rendered":"Bro\u015f\u00fcr"},"content":{"rendered":"<div class=\"wpb-content-wrapper\"><p>[vc_row el_class=&#8221;brochure-page-section&#8221;][vc_column][vc_custom_heading text=&#8221;Bro\u015f\u00fcrlerimiz&#8221; use_theme_fonts=&#8221;yes&#8221;][\/vc_column][\/vc_row][vc_row][vc_column width=&#8221;1\/2&#8243;]\n            <div class=\"visiomax_documents\">\n               <div class=\"visiomax_documents_single\">\n                <a href=\"\/wp-content\/uploads\/Profen-VisioMAX-bros\u0327u\u0308r-TR-Baski.pdf\" >\n                        <img decoding=\"async\" src=\"https:\/\/profenvisiomax.com\/wp-content\/uploads\/brochure.png\" alt=\"Welcome to Profen visioMAX Software\" class=\"document-visiomax-img\" >\n                    <\/a>\n                    <h6>  Welcome to Profen visioMAX Software <\/h6>\n                <\/div>\n                <\/div>\n            [\/vc_column][vc_column width=&#8221;1\/2&#8243;][\/vc_column][\/vc_row]<\/p>\n<\/div>","protected":false},"excerpt":{"rendered":"<p>[vc_row el_class=&#8221;brochure-page-section&#8221;][vc_column][vc_custom_heading text=&#8221;Bro\u015f\u00fcrlerimiz&#8221; use_theme_fonts=&#8221;yes&#8221;][\/vc_column][\/vc_row][vc_row][vc_column width=&#8221;1\/2&#8243;][\/vc_column][vc_column width=&#8221;1\/2&#8243;][\/vc_column][\/vc_row]<\/p>\n","protected":false},"author":1,"featured_media":2538,"parent":0,"menu_order":0,"comment_status":"closed","ping_status":"closed","template":"kurumsal-page.php","meta":{"footnotes":""},"acf":[],"yoast_head":"<!-- This site is optimized with the Yoast SEO plugin v21.8 - https:\/\/yoast.com\/wordpress\/plugins\/seo\/ -->\n<title>Bro\u015f\u00fcr - Profen Visiomax<\/title>\n<meta name=\"description\" content=\"Profen Visiomax hakk\u0131nda daha fazla bilgi almak ve bro\u015f\u00fcrlere ula\u015fmak i\u00e7in internet sitemizi ziyaret edebilirsiniz.\" \/>\n<meta name=\"robots\" content=\"index, follow, max-snippet:-1, max-image-preview:large, max-video-preview:-1\" \/>\n<link rel=\"canonical\" href=\"https:\/\/profenvisiomax.com\/tr\/brosur\/\" \/>\n<meta property=\"og:locale\" content=\"tr_TR\" \/>\n<meta property=\"og:type\" content=\"article\" \/>\n<meta property=\"og:title\" content=\"Bro\u015f\u00fcr - Profen Visiomax\" \/>\n<meta property=\"og:description\" content=\"Profen Visiomax hakk\u0131nda daha fazla bilgi almak ve bro\u015f\u00fcrlere ula\u015fmak i\u00e7in internet sitemizi ziyaret edebilirsiniz.\" \/>\n<meta property=\"og:url\" content=\"https:\/\/profenvisiomax.com\/tr\/brosur\/\" \/>\n<meta property=\"og:site_name\" content=\"Profen Visiomax\" \/>\n<meta property=\"article:modified_time\" content=\"2022-10-04T13:36:23+00:00\" \/>\n<meta property=\"og:image\" content=\"https:\/\/profenvisiomax.com\/wp-content\/uploads\/brosur.jpg\" \/>\n\t<meta property=\"og:image:width\" content=\"1920\" \/>\n\t<meta property=\"og:image:height\" content=\"450\" \/>\n\t<meta property=\"og:image:type\" content=\"image\/jpeg\" \/>\n<meta name=\"twitter:card\" content=\"summary_large_image\" \/>\n<meta name=\"twitter:label1\" content=\"Tahmini okuma s\u00fcresi\" \/>\n\t<meta name=\"twitter:data1\" content=\"1 dakika\" \/>\n<script type=\"application\/ld+json\" class=\"yoast-schema-graph\">{\"@context\":\"https:\/\/schema.org\",\"@graph\":[{\"@type\":\"WebPage\",\"@id\":\"https:\/\/profenvisiomax.com\/tr\/brosur\/\",\"url\":\"https:\/\/profenvisiomax.com\/tr\/brosur\/\",\"name\":\"Bro\u015f\u00fcr - Profen Visiomax\",\"isPartOf\":{\"@id\":\"https:\/\/profenvisiomax.com\/tr\/#website\"},\"datePublished\":\"2021-12-14T12:34:39+00:00\",\"dateModified\":\"2022-10-04T13:36:23+00:00\",\"description\":\"Profen Visiomax hakk\u0131nda daha fazla bilgi almak ve bro\u015f\u00fcrlere ula\u015fmak i\u00e7in internet sitemizi ziyaret edebilirsiniz.\",\"breadcrumb\":{\"@id\":\"https:\/\/profenvisiomax.com\/tr\/brosur\/#breadcrumb\"},\"inLanguage\":\"tr\",\"potentialAction\":[{\"@type\":\"ReadAction\",\"target\":[\"https:\/\/profenvisiomax.com\/tr\/brosur\/\"]}]},{\"@type\":\"BreadcrumbList\",\"@id\":\"https:\/\/profenvisiomax.com\/tr\/brosur\/#breadcrumb\",\"itemListElement\":[{\"@type\":\"ListItem\",\"position\":1,\"name\":\"Home\",\"item\":\"https:\/\/profenvisiomax.com\/tr\/\"},{\"@type\":\"ListItem\",\"position\":2,\"name\":\"Bro\u015f\u00fcr\"}]},{\"@type\":\"WebSite\",\"@id\":\"https:\/\/profenvisiomax.com\/tr\/#website\",\"url\":\"https:\/\/profenvisiomax.com\/tr\/\",\"name\":\"Profen Visiomax\",\"description\":\"\",\"potentialAction\":[{\"@type\":\"SearchAction\",\"target\":{\"@type\":\"EntryPoint\",\"urlTemplate\":\"https:\/\/profenvisiomax.com\/tr\/?s={search_term_string}\"},\"query-input\":\"required name=search_term_string\"}],\"inLanguage\":\"tr\"}]}<\/script>\n<!-- \/ Yoast SEO plugin. -->","yoast_head_json":{"title":"Bro\u015f\u00fcr - Profen Visiomax","description":"Profen Visiomax hakk\u0131nda daha fazla bilgi almak ve bro\u015f\u00fcrlere ula\u015fmak i\u00e7in internet sitemizi ziyaret edebilirsiniz.","robots":{"index":"index","follow":"follow","max-snippet":"max-snippet:-1","max-image-preview":"max-image-preview:large","max-video-preview":"max-video-preview:-1"},"canonical":"https:\/\/profenvisiomax.com\/tr\/brosur\/","og_locale":"tr_TR","og_type":"article","og_title":"Bro\u015f\u00fcr - Profen Visiomax","og_description":"Profen Visiomax hakk\u0131nda daha fazla bilgi almak ve bro\u015f\u00fcrlere ula\u015fmak i\u00e7in internet sitemizi ziyaret edebilirsiniz.","og_url":"https:\/\/profenvisiomax.com\/tr\/brosur\/","og_site_name":"Profen Visiomax","article_modified_time":"2022-10-04T13:36:23+00:00","og_image":[{"width":1920,"height":450,"url":"https:\/\/profenvisiomax.com\/wp-content\/uploads\/brosur.jpg","type":"image\/jpeg"}],"twitter_card":"summary_large_image","twitter_misc":{"Tahmini okuma s\u00fcresi":"1 dakika"},"schema":{"@context":"https:\/\/schema.org","@graph":[{"@type":"WebPage","@id":"https:\/\/profenvisiomax.com\/tr\/brosur\/","url":"https:\/\/profenvisiomax.com\/tr\/brosur\/","name":"Bro\u015f\u00fcr - Profen Visiomax","isPartOf":{"@id":"https:\/\/profenvisiomax.com\/tr\/#website"},"datePublished":"2021-12-14T12:34:39+00:00","dateModified":"2022-10-04T13:36:23+00:00","description":"Profen Visiomax hakk\u0131nda daha fazla bilgi almak ve bro\u015f\u00fcrlere ula\u015fmak i\u00e7in internet sitemizi ziyaret edebilirsiniz.","breadcrumb":{"@id":"https:\/\/profenvisiomax.com\/tr\/brosur\/#breadcrumb"},"inLanguage":"tr","potentialAction":[{"@type":"ReadAction","target":["https:\/\/profenvisiomax.com\/tr\/brosur\/"]}]},{"@type":"BreadcrumbList","@id":"https:\/\/profenvisiomax.com\/tr\/brosur\/#breadcrumb","itemListElement":[{"@type":"ListItem","position":1,"name":"Home","item":"https:\/\/profenvisiomax.com\/tr\/"},{"@type":"ListItem","position":2,"name":"Bro\u015f\u00fcr"}]},{"@type":"WebSite","@id":"https:\/\/profenvisiomax.com\/tr\/#website","url":"https:\/\/profenvisiomax.com\/tr\/","name":"Profen Visiomax","description":"","potentialAction":[{"@type":"SearchAction","target":{"@type":"EntryPoint","urlTemplate":"https:\/\/profenvisiomax.com\/tr\/?s={search_term_string}"},"query-input":"required name=search_term_string"}],"inLanguage":"tr"}]}},"_links":{"self":[{"href":"https:\/\/profenvisiomax.com\/tr\/wp-json\/wp\/v2\/pages\/2159"}],"collection":[{"href":"https:\/\/profenvisiomax.com\/tr\/wp-json\/wp\/v2\/pages"}],"about":[{"href":"https:\/\/profenvisiomax.com\/tr\/wp-json\/wp\/v2\/types\/page"}],"author":[{"embeddable":true,"href":"https:\/\/profenvisiomax.com\/tr\/wp-json\/wp\/v2\/users\/1"}],"replies":[{"embeddable":true,"href":"https:\/\/profenvisiomax.com\/tr\/wp-json\/wp\/v2\/comments?post=2159"}],"version-history":[{"count":7,"href":"https:\/\/profenvisiomax.com\/tr\/wp-json\/wp\/v2\/pages\/2159\/revisions"}],"predecessor-version":[{"id":2646,"href":"https:\/\/profenvisiomax.com\/tr\/wp-json\/wp\/v2\/pages\/2159\/revisions\/2646"}],"wp:featuredmedia":[{"embeddable":true,"href":"https:\/\/profenvisiomax.com\/tr\/wp-json\/wp\/v2\/media\/2538"}],"wp:attachment":[{"href":"https:\/\/profenvisiomax.com\/tr\/wp-json\/wp\/v2\/media?parent=2159"}],"curies":[{"name":"wp","href":"https:\/\/api.w.org\/{rel}","templated":true}]}}