{"id":2164,"date":"2021-12-14T15:41:09","date_gmt":"2021-12-14T12:41:09","guid":{"rendered":"https:\/\/visiomax.bootests.com\/demo-hub\/"},"modified":"2022-10-05T10:11:41","modified_gmt":"2022-10-05T07:11:41","slug":"demo-hub","status":"publish","type":"page","link":"https:\/\/profenvisiomax.com\/tr\/demo-hub\/","title":{"rendered":"Demo Hub"},"content":{"rendered":"<div class=\"wpb-content-wrapper\"><p>[vc_row el_class=&#8221;iletisim-bar&#8221;][vc_column width=&#8221;1\/3&#8243;]<div class=\"visiomax_iletisims\">\n               <div class=\"visiomax_iletisims_single\">\n                     <a href=\"https:\/\/www.google.com\/maps?ll=41.062632,28.973837&amp;z=15&amp;t=m&amp;hl=tr&amp;gl=TR&amp;mapclient=embed&amp;cid=10209746763628684336\" target=\"_blank\">\n                        <img decoding=\"async\" src=\"https:\/\/profenvisiomax.com\/wp-content\/uploads\/location-icon-2.svg\" alt=\"\" class=\"iletisim-visiomax-img\" >\n                        <p>Piyalepa\u015fa Blv. Famas Plz. A Blok,<br \/>\n34384 \u015ei\u015fli \/ \u0130stanbul<\/p>\n                    <\/a>\n                <\/div>\n\n            <\/div>[\/vc_column][vc_column width=&#8221;1\/3&#8243;]<div class=\"visiomax_iletisims\">\n               <div class=\"visiomax_iletisims_single\">\n                     <a href=\"tel:+902122102770\" target=\"_blank\">\n                        <img decoding=\"async\" src=\"https:\/\/profenvisiomax.com\/wp-content\/uploads\/phone-icon-1-2.svg\" alt=\"\" class=\"iletisim-visiomax-img\" >\n                        <p>+90 212 210 27 70<\/p>\n                    <\/a>\n                <\/div>\n\n            <\/div>[\/vc_column][vc_column width=&#8221;1\/3&#8243;]<div class=\"visiomax_iletisims\">\n               <div class=\"visiomax_iletisims_single\">\n                     <a href=\"mailto:marketing@profen.com\" target=\"_blank\">\n                        <img decoding=\"async\" src=\"https:\/\/profenvisiomax.com\/wp-content\/uploads\/mail-icon-1-2.svg\" alt=\"\" class=\"iletisim-visiomax-img\" >\n                        <p>marketing@profen.com<\/p>\n                    <\/a>\n                <\/div>\n\n            <\/div>[\/vc_column][\/vc_row][vc_row el_class=&#8221;iletisim-form&#8221;][vc_column][vc_custom_heading text=&#8221;Demo Formu Talep Et&#8221; use_theme_fonts=&#8221;yes&#8221;][vc_column_text]G\u00f6r\u00fc\u015f ve \u00f6nerileriniz i\u00e7in bizimle ileti\u015fime ge\u00e7in.[\/vc_column_text][vc_column_text]\n<div class=\"wpcf7 no-js\" id=\"wpcf7-f1185-o1\" lang=\"en-US\" dir=\"ltr\">\n<div class=\"screen-reader-response\"><p role=\"status\" aria-live=\"polite\" aria-atomic=\"true\"><\/p> <ul><\/ul><\/div>\n<form action=\"\/tr\/wp-json\/wp\/v2\/pages\/2164#wpcf7-f1185-o1\" method=\"post\" class=\"wpcf7-form init\" aria-label=\"Contact form\" novalidate=\"novalidate\" data-status=\"init\">\n<div style=\"display: none;\">\n<input type=\"hidden\" name=\"_wpcf7\" value=\"1185\" \/>\n<input type=\"hidden\" name=\"_wpcf7_version\" value=\"5.8.5\" \/>\n<input type=\"hidden\" name=\"_wpcf7_locale\" value=\"en_US\" \/>\n<input type=\"hidden\" name=\"_wpcf7_unit_tag\" value=\"wpcf7-f1185-o1\" \/>\n<input type=\"hidden\" name=\"_wpcf7_container_post\" value=\"0\" \/>\n<input type=\"hidden\" name=\"_wpcf7_posted_data_hash\" value=\"\" \/>\n<\/div>\n<div class=\"contact-form\">\n\t<div class=\"half-item left-item\">\n\t\t<p><span class=\"wpcf7-form-control-wrap\" data-name=\"your-name\"><input size=\"40\" class=\"wpcf7-form-control wpcf7-text wpcf7-validates-as-required\" aria-required=\"true\" aria-invalid=\"false\" placeholder=\"*Ad\" value=\"\" type=\"text\" name=\"your-name\" \/><\/span>\n\t\t<\/p>\n\t<\/div>\n\t<div class=\"half-item right-item\">\n\t\t<p><span class=\"wpcf7-form-control-wrap\" data-name=\"your-surname\"><input size=\"40\" class=\"wpcf7-form-control wpcf7-text wpcf7-validates-as-required\" aria-required=\"true\" aria-invalid=\"false\" placeholder=\"*Soyad\" value=\"\" type=\"text\" name=\"your-surname\" \/><\/span>\n\t\t<\/p>\n\t<\/div>\n\t<div class=\"half-item left-item\">\n\t\t<p><span class=\"wpcf7-form-control-wrap\" data-name=\"your-email\"><input size=\"40\" class=\"wpcf7-form-control wpcf7-email wpcf7-validates-as-required wpcf7-text wpcf7-validates-as-email\" aria-required=\"true\" aria-invalid=\"false\" placeholder=\"*E-Mail\" value=\"\" type=\"email\" name=\"your-email\" \/><\/span>\n\t\t<\/p>\n\t<\/div>\n\t<div class=\"half-item right-item\">\n\t\t<p><span class=\"wpcf7-form-control-wrap\" data-name=\"phone\"><input size=\"40\" class=\"wpcf7-form-control wpcf7-tel wpcf7-text wpcf7-validates-as-tel\" aria-invalid=\"false\" placeholder=\"*Telefon\" value=\"\" type=\"tel\" name=\"phone\" \/><\/span>\n\t\t<\/p>\n\t<\/div>\n\t<div class=\"full-item\" style=\"margin-bottom: 27px;\">\n\t\t<p><span class=\"wpcf7-form-control-wrap\" data-name=\"subject\"><input size=\"40\" class=\"wpcf7-form-control wpcf7-text\" aria-invalid=\"false\" placeholder=\"*Konu\" value=\"\" type=\"text\" name=\"subject\" \/><\/span>\n\t\t<\/p>\n\t<\/div>\n\t<div class=\"full-item\">\n\t\t<p><span class=\"wpcf7-form-control-wrap\" data-name=\"your-message\"><textarea cols=\"40\" rows=\"10\" class=\"wpcf7-form-control wpcf7-textarea\" aria-invalid=\"false\" placeholder=\"Mesaj\" name=\"your-message\"><\/textarea><\/span>\n\t\t<\/p>\n\t<\/div>\n\t<p><span class=\"wpcf7-form-control-wrap\" data-name=\"veri-onay\"><span class=\"wpcf7-form-control wpcf7-acceptance\"><span class=\"wpcf7-list-item\"><label><input type=\"checkbox\" name=\"veri-onay\" value=\"1\" aria-invalid=\"false\" \/><span class=\"wpcf7-list-item-label\"><a href=\"\/kvkk\/\" target=\"_blank\">KVKK<\/a>'y\u0131 okudum, kabul ediyorum.<\/span><\/label><\/span><\/span><\/span>\n\t<\/p>\n\t<p><input class=\"wpcf7-form-control wpcf7-submit has-spinner\" type=\"submit\" value=\"G\u00f6nder\" \/>\n\t<\/p>\n<\/div><div class=\"wpcf7-response-output\" aria-hidden=\"true\"><\/div>\n<\/form>\n<\/div>\n[\/vc_column_text][\/vc_column][\/vc_row]<\/p>\n<\/div>","protected":false},"excerpt":{"rendered":"<p>[vc_row el_class=&#8221;iletisim-bar&#8221;][vc_column width=&#8221;1\/3&#8243;][\/vc_column][vc_column width=&#8221;1\/3&#8243;][\/vc_column][vc_column width=&#8221;1\/3&#8243;][\/vc_column][\/vc_row][vc_row el_class=&#8221;iletisim-form&#8221;][vc_column][vc_custom_heading text=&#8221;Demo Formu Talep Et&#8221; use_theme_fonts=&#8221;yes&#8221;][vc_column_text]G\u00f6r\u00fc\u015f ve \u00f6nerileriniz i\u00e7in bizimle ileti\u015fime ge\u00e7in.[\/vc_column_text][vc_column_text][\/vc_column_text][\/vc_column][\/vc_row]<\/p>\n","protected":false},"author":1,"featured_media":2540,"parent":0,"menu_order":0,"comment_status":"closed","ping_status":"closed","template":"","meta":{"footnotes":""},"acf":[],"yoast_head":"<!-- This site is optimized with the Yoast SEO plugin v21.8 - https:\/\/yoast.com\/wordpress\/plugins\/seo\/ -->\n<title>Demo Hub - Profen Visiomax<\/title>\n<meta name=\"description\" content=\"Hizmetlerimizin ticari faydalar\u0131n\u0131 \u00f6ng\u00f6rebilmek ve programlar\u0131m\u0131z\u0131n demo formuna ula\u015fabilmek i\u00e7in t\u0131klay\u0131n\u0131z.\" \/>\n<meta name=\"robots\" content=\"index, follow, max-snippet:-1, max-image-preview:large, max-video-preview:-1\" \/>\n<link rel=\"canonical\" href=\"https:\/\/profenvisiomax.com\/tr\/demo-hub\/\" \/>\n<meta property=\"og:locale\" content=\"tr_TR\" \/>\n<meta property=\"og:type\" content=\"article\" \/>\n<meta property=\"og:title\" content=\"Demo Hub - Profen Visiomax\" \/>\n<meta property=\"og:description\" content=\"Hizmetlerimizin ticari faydalar\u0131n\u0131 \u00f6ng\u00f6rebilmek ve programlar\u0131m\u0131z\u0131n demo formuna ula\u015fabilmek i\u00e7in t\u0131klay\u0131n\u0131z.\" \/>\n<meta property=\"og:url\" content=\"https:\/\/profenvisiomax.com\/tr\/demo-hub\/\" \/>\n<meta property=\"og:site_name\" content=\"Profen Visiomax\" \/>\n<meta property=\"article:modified_time\" content=\"2022-10-05T07:11:41+00:00\" \/>\n<meta property=\"og:image\" content=\"https:\/\/profenvisiomax.com\/wp-content\/uploads\/demo-hub.jpg\" \/>\n\t<meta property=\"og:image:width\" content=\"1920\" \/>\n\t<meta property=\"og:image:height\" content=\"450\" \/>\n\t<meta property=\"og:image:type\" content=\"image\/jpeg\" \/>\n<meta name=\"twitter:card\" content=\"summary_large_image\" \/>\n<meta name=\"twitter:label1\" content=\"Tahmini okuma s\u00fcresi\" \/>\n\t<meta name=\"twitter:data1\" content=\"1 dakika\" \/>\n<script type=\"application\/ld+json\" class=\"yoast-schema-graph\">{\"@context\":\"https:\/\/schema.org\",\"@graph\":[{\"@type\":\"WebPage\",\"@id\":\"https:\/\/profenvisiomax.com\/tr\/demo-hub\/\",\"url\":\"https:\/\/profenvisiomax.com\/tr\/demo-hub\/\",\"name\":\"Demo Hub - Profen Visiomax\",\"isPartOf\":{\"@id\":\"https:\/\/profenvisiomax.com\/tr\/#website\"},\"datePublished\":\"2021-12-14T12:41:09+00:00\",\"dateModified\":\"2022-10-05T07:11:41+00:00\",\"description\":\"Hizmetlerimizin ticari faydalar\u0131n\u0131 \u00f6ng\u00f6rebilmek ve programlar\u0131m\u0131z\u0131n demo formuna ula\u015fabilmek i\u00e7in t\u0131klay\u0131n\u0131z.\",\"breadcrumb\":{\"@id\":\"https:\/\/profenvisiomax.com\/tr\/demo-hub\/#breadcrumb\"},\"inLanguage\":\"tr\",\"potentialAction\":[{\"@type\":\"ReadAction\",\"target\":[\"https:\/\/profenvisiomax.com\/tr\/demo-hub\/\"]}]},{\"@type\":\"BreadcrumbList\",\"@id\":\"https:\/\/profenvisiomax.com\/tr\/demo-hub\/#breadcrumb\",\"itemListElement\":[{\"@type\":\"ListItem\",\"position\":1,\"name\":\"Home\",\"item\":\"https:\/\/profenvisiomax.com\/tr\/\"},{\"@type\":\"ListItem\",\"position\":2,\"name\":\"Demo Hub\"}]},{\"@type\":\"WebSite\",\"@id\":\"https:\/\/profenvisiomax.com\/tr\/#website\",\"url\":\"https:\/\/profenvisiomax.com\/tr\/\",\"name\":\"Profen Visiomax\",\"description\":\"\",\"potentialAction\":[{\"@type\":\"SearchAction\",\"target\":{\"@type\":\"EntryPoint\",\"urlTemplate\":\"https:\/\/profenvisiomax.com\/tr\/?s={search_term_string}\"},\"query-input\":\"required name=search_term_string\"}],\"inLanguage\":\"tr\"}]}<\/script>\n<!-- \/ Yoast SEO plugin. -->","yoast_head_json":{"title":"Demo Hub - Profen Visiomax","description":"Hizmetlerimizin ticari faydalar\u0131n\u0131 \u00f6ng\u00f6rebilmek ve programlar\u0131m\u0131z\u0131n demo formuna ula\u015fabilmek i\u00e7in t\u0131klay\u0131n\u0131z.","robots":{"index":"index","follow":"follow","max-snippet":"max-snippet:-1","max-image-preview":"max-image-preview:large","max-video-preview":"max-video-preview:-1"},"canonical":"https:\/\/profenvisiomax.com\/tr\/demo-hub\/","og_locale":"tr_TR","og_type":"article","og_title":"Demo Hub - Profen Visiomax","og_description":"Hizmetlerimizin ticari faydalar\u0131n\u0131 \u00f6ng\u00f6rebilmek ve programlar\u0131m\u0131z\u0131n demo formuna ula\u015fabilmek i\u00e7in t\u0131klay\u0131n\u0131z.","og_url":"https:\/\/profenvisiomax.com\/tr\/demo-hub\/","og_site_name":"Profen Visiomax","article_modified_time":"2022-10-05T07:11:41+00:00","og_image":[{"width":1920,"height":450,"url":"https:\/\/profenvisiomax.com\/wp-content\/uploads\/demo-hub.jpg","type":"image\/jpeg"}],"twitter_card":"summary_large_image","twitter_misc":{"Tahmini okuma s\u00fcresi":"1 dakika"},"schema":{"@context":"https:\/\/schema.org","@graph":[{"@type":"WebPage","@id":"https:\/\/profenvisiomax.com\/tr\/demo-hub\/","url":"https:\/\/profenvisiomax.com\/tr\/demo-hub\/","name":"Demo Hub - Profen Visiomax","isPartOf":{"@id":"https:\/\/profenvisiomax.com\/tr\/#website"},"datePublished":"2021-12-14T12:41:09+00:00","dateModified":"2022-10-05T07:11:41+00:00","description":"Hizmetlerimizin ticari faydalar\u0131n\u0131 \u00f6ng\u00f6rebilmek ve programlar\u0131m\u0131z\u0131n demo formuna ula\u015fabilmek i\u00e7in t\u0131klay\u0131n\u0131z.","breadcrumb":{"@id":"https:\/\/profenvisiomax.com\/tr\/demo-hub\/#breadcrumb"},"inLanguage":"tr","potentialAction":[{"@type":"ReadAction","target":["https:\/\/profenvisiomax.com\/tr\/demo-hub\/"]}]},{"@type":"BreadcrumbList","@id":"https:\/\/profenvisiomax.com\/tr\/demo-hub\/#breadcrumb","itemListElement":[{"@type":"ListItem","position":1,"name":"Home","item":"https:\/\/profenvisiomax.com\/tr\/"},{"@type":"ListItem","position":2,"name":"Demo Hub"}]},{"@type":"WebSite","@id":"https:\/\/profenvisiomax.com\/tr\/#website","url":"https:\/\/profenvisiomax.com\/tr\/","name":"Profen Visiomax","description":"","potentialAction":[{"@type":"SearchAction","target":{"@type":"EntryPoint","urlTemplate":"https:\/\/profenvisiomax.com\/tr\/?s={search_term_string}"},"query-input":"required name=search_term_string"}],"inLanguage":"tr"}]}},"_links":{"self":[{"href":"https:\/\/profenvisiomax.com\/tr\/wp-json\/wp\/v2\/pages\/2164"}],"collection":[{"href":"https:\/\/profenvisiomax.com\/tr\/wp-json\/wp\/v2\/pages"}],"about":[{"href":"https:\/\/profenvisiomax.com\/tr\/wp-json\/wp\/v2\/types\/page"}],"author":[{"embeddable":true,"href":"https:\/\/profenvisiomax.com\/tr\/wp-json\/wp\/v2\/users\/1"}],"replies":[{"embeddable":true,"href":"https:\/\/profenvisiomax.com\/tr\/wp-json\/wp\/v2\/comments?post=2164"}],"version-history":[{"count":7,"href":"https:\/\/profenvisiomax.com\/tr\/wp-json\/wp\/v2\/pages\/2164\/revisions"}],"predecessor-version":[{"id":2702,"href":"https:\/\/profenvisiomax.com\/tr\/wp-json\/wp\/v2\/pages\/2164\/revisions\/2702"}],"wp:featuredmedia":[{"embeddable":true,"href":"https:\/\/profenvisiomax.com\/tr\/wp-json\/wp\/v2\/media\/2540"}],"wp:attachment":[{"href":"https:\/\/profenvisiomax.com\/tr\/wp-json\/wp\/v2\/media?parent=2164"}],"curies":[{"name":"wp","href":"https:\/\/api.w.org\/{rel}","templated":true}]}}