{"id":2168,"date":"2021-12-15T15:01:23","date_gmt":"2021-12-15T12:01:23","guid":{"rendered":"https:\/\/visiomax.bootests.com\/key-benefits\/"},"modified":"2022-10-05T10:21:56","modified_gmt":"2022-10-05T07:21:56","slug":"key-benefits","status":"publish","type":"page","link":"https:\/\/profenvisiomax.com\/tr\/key-benefits\/","title":{"rendered":"Faydalar"},"content":{"rendered":"<div class=\"wpb-content-wrapper\"><p>[vc_row el_class=&#8221;faydalar-section-1&#8243;][vc_column]<div class=\"profen_iconbox_top\">\r\n\r\n              \r\n\r\n                <div class=\"profen_iconbox_top_content\">\r\n                  \r\n                  <div class=\"icon-temel-ozellik\">  <img decoding=\"async\" src=\"https:\/\/profenvisiomax.com\/wp-content\/uploads\/Complete-Ease-of-Use.svg\" ><\/div>\r\n\r\n                    <h3>Son derece Kolay Kullan\u0131m<\/h3>\r\n\r\n                    <p>Tu\u0308m PROFEN visioMAX modu\u0308llerinde al\u0131s\u0327k\u0131n oldug\u0306unuz Windows \u201cgo\u0308ru\u0308nu\u0308mu\u0308 ve hissi\u201d vard\u0131r. En karma\u015f\u0131k is\u0327lemler bile bir dizi sezgisel ad\u0131mla tamamlan\u0131r. PROFEN visioMAX MRO\u2019un ekranlar\u0131nda tutarl\u0131 bir du\u0308zen vard\u0131r. Bu sayede kullan\u0131c\u0131lar yeni fonksiyonlar\u0131 kolayca o\u0308g\u0306renebilir ve adapte olabilir. Java ile geli\u015ftirilmi\u015f web tabanl\u0131 bir yaz\u0131l\u0131md\u0131r. Mobil cihazlar ile herhangi bir yerden eris\u0327im sag\u0306lanabilir.<\/p>\r\n\r\n                <\/div>\r\n\r\n            <\/div><div class=\"profen_iconbox_top\">\r\n\r\n              \r\n\r\n                <div class=\"profen_iconbox_top_content\">\r\n                  \r\n                  <div class=\"icon-temel-ozellik\">  <img decoding=\"async\" src=\"https:\/\/profenvisiomax.com\/wp-content\/uploads\/Efficient-Data-Entry.svg\" ><\/div>\r\n\r\n                    <h3>Verimli Veri Giris\u0327i<\/h3>\r\n\r\n                    <p>Kullan\u0131c\u0131 dostu veri giri\u015f ekranlar\u0131 kullan\u0131c\u0131lar\u0131n gerekli bilgileri kolayl\u0131kla girmesini sag\u0306lar. Neredeyse tu\u0308m ekranlarda dig\u0306er ilgili bilgiye kolay ve sezgisel eris\u0327im sag\u0306layan \u2018detayl\u0131 inceleme\u2019 o\u0308zellig\u0306i vard\u0131r.<\/p>\r\n\r\n                <\/div>\r\n\r\n            <\/div><div class=\"profen_iconbox_top\">\r\n\r\n              \r\n\r\n                <div class=\"profen_iconbox_top_content\">\r\n                  \r\n                  <div class=\"icon-temel-ozellik\">  <img decoding=\"async\" src=\"https:\/\/profenvisiomax.com\/wp-content\/uploads\/Process-Led-Functionality.svg\" ><\/div>\r\n\r\n                    <h3>Su\u0308rece Go\u0308re Yo\u0308nlendirilen Fonksiyonellik<\/h3>\r\n\r\n                    <p>C\u0327o\u0308zu\u0308mlerimizdeki zengin fonksiyonellik kullan\u0131c\u0131n\u0131n ihtiyac\u0327lar\u0131n\u0131 dog\u0306ru bir s\u0327ekilde kars\u0327\u0131lar. Her bir uygulama s\u0327irket ic\u0327inde su\u0308rec\u0327lere uyum sag\u0306layan mant\u0131ksal bir du\u0308zeni izler ve bu sayede daha fazla disiplin, netlik ve kontrol sag\u0306lar.<\/p>\r\n\r\n                <\/div>\r\n\r\n            <\/div><div class=\"profen_iconbox_top\">\r\n\r\n              \r\n\r\n                <div class=\"profen_iconbox_top_content\">\r\n                  \r\n                  <div class=\"icon-temel-ozellik\">  <img decoding=\"async\" src=\"https:\/\/profenvisiomax.com\/wp-content\/uploads\/Increased-Speed-Security.svg\" ><\/div>\r\n\r\n                    <h3>Daha Yu\u0308ksek H\u0131z ve Gu\u0308venlik<\/h3>\r\n\r\n                    <p>PROFEN visioMAX yaz\u0131l\u0131m\u0131 s\u0327irket ic\u0327inde herhangi bir yerde girilen veriyi kullanmak \u00fczere tasarlanm\u0131\u015ft\u0131r. Bu sayede dog\u0306ruluk oran\u0131 artar, gereksiz c\u0327ift veri giris\u0327i ve girdi faaliyetleri azal\u0131r. PostgreSQL veritaban\u0131 tescilli stabilite ve minimum at\u0131l zaman o\u0308zelliklerine sahiptir.<\/p>\r\n\r\n                <\/div>\r\n\r\n            <\/div><div class=\"profen_iconbox_top\">\r\n\r\n              \r\n\r\n                <div class=\"profen_iconbox_top_content\">\r\n                  \r\n                  <div class=\"icon-temel-ozellik\">  <img decoding=\"async\" src=\"https:\/\/profenvisiomax.com\/wp-content\/uploads\/Commercial-Advantages.svg\" ><\/div>\r\n\r\n                    <h3>Ticari Faydalar\u0131<\/h3>\r\n\r\n                    <p>PROFEN visioMAX, s\u0327irketiniz ic\u0327indeki gu\u0308c\u0327lu\u0308 ve zay\u0131f noktalar\u0131 tespit etmenize ve buna go\u0308re ad\u0131mlar atman\u0131za yard\u0131mc\u0131 olacak veriler sunar. Bak\u0131m onar\u0131m performans\u0131n\u0131z\u0131 art\u0131rarak maliyetleri d\u00fc\u015f\u00fcr\u00fcr, karl\u0131l\u0131\u011fa olumlu katk\u0131 sa\u011flar, itiraz edilen faturalar\u0131n say\u0131s\u0131n\u0131 azaltmaya yard\u0131mc\u0131 olur.<\/p>\r\n\r\n                <\/div>\r\n\r\n            <\/div><div class=\"profen_iconbox_top\">\r\n\r\n              \r\n\r\n                <div class=\"profen_iconbox_top_content\">\r\n                  \r\n                  <div class=\"icon-temel-ozellik\">  <img decoding=\"async\" src=\"https:\/\/profenvisiomax.com\/wp-content\/uploads\/Technical-Benefits.svg\" ><\/div>\r\n\r\n                    <h3>Teknik Faydalar\u0131<\/h3>\r\n\r\n                    <p>PROFEN visioMAX ile kurumsal hedeflerinizi ve operasyonel ihtiyac\u0327lar\u0131n\u0131z\u0131 kars\u0327\u0131larken bu\u0308yu\u0308yen s\u0327irketinizin daha fazla o\u0308zellig\u0306e ihtiyac\u0327 duymas\u0131 nedeniyle daha fazla biles\u0327en eklemenize de olanak sag\u0306lar. \u00d6l\u00e7eklendirilebilir mimarisi \u015firketiniz i\u00e7in dog\u0306ru s\u0327ekilde konumland\u0131r\u0131lm\u0131\u015ft\u0131r.<\/p>\r\n\r\n                <\/div>\r\n\r\n            <\/div><div class=\"profen_iconbox_top\">\r\n\r\n              \r\n\r\n                <div class=\"profen_iconbox_top_content\">\r\n                  \r\n                  <div class=\"icon-temel-ozellik\">  <img decoding=\"async\" src=\"https:\/\/profenvisiomax.com\/wp-content\/uploads\/Reliable-Data.svg\" ><\/div>\r\n\r\n                    <h3>Gu\u0308venilir Veri<\/h3>\r\n\r\n                    <p>Kontrollu\u0308 veri giris\u0327i gu\u0308venilir c\u0327\u0131kt\u0131lar sag\u0306lar. PROFEN visioMAX c\u0327o\u0308zu\u0308mleri girilen bilginin bu\u0308tu\u0308nlu\u0308g\u0306u\u0308nu\u0308 kontrol etmeye yard\u0131mc\u0131 olan bir dizi standart ayar sunar. Bu sayede \u00f6nemli veri asla kaybolmaz, maliyet hatalar\u0131n\u0131n o\u0308nu\u0308ne gec\u0327ilir ve i\u015f kalitesi artar.<\/p>\r\n\r\n                <\/div>\r\n\r\n            <\/div>[\/vc_column][\/vc_row]<\/p>\n<\/div>","protected":false},"excerpt":{"rendered":"<p>[vc_row el_class=&#8221;faydalar-section-1&#8243;][vc_column][\/vc_column][\/vc_row]<\/p>\n","protected":false},"author":1,"featured_media":2535,"parent":0,"menu_order":0,"comment_status":"closed","ping_status":"closed","template":"","meta":{"footnotes":""},"acf":[],"yoast_head":"<!-- This site is optimized with the Yoast SEO plugin v21.8 - https:\/\/yoast.com\/wordpress\/plugins\/seo\/ -->\n<title>Faydalar - Profen Visiomax<\/title>\n<meta name=\"description\" content=\"Profen Visiomax&#039;in kullan\u0131m kolayl\u0131\u011f\u0131ndan ticari ve teknik avantajlar\u0131na kadar t\u00fcm faydalar\u0131n\u0131 incelemek i\u00e7in t\u0131klay\u0131n\u0131z.\" \/>\n<meta name=\"robots\" content=\"index, follow, max-snippet:-1, max-image-preview:large, max-video-preview:-1\" \/>\n<link rel=\"canonical\" href=\"https:\/\/profenvisiomax.com\/tr\/key-benefits\/\" \/>\n<meta property=\"og:locale\" content=\"tr_TR\" \/>\n<meta property=\"og:type\" content=\"article\" \/>\n<meta property=\"og:title\" content=\"Faydalar - Profen Visiomax\" \/>\n<meta property=\"og:description\" content=\"Profen Visiomax&#039;in kullan\u0131m kolayl\u0131\u011f\u0131ndan ticari ve teknik avantajlar\u0131na kadar t\u00fcm faydalar\u0131n\u0131 incelemek i\u00e7in t\u0131klay\u0131n\u0131z.\" \/>\n<meta property=\"og:url\" content=\"https:\/\/profenvisiomax.com\/tr\/key-benefits\/\" \/>\n<meta property=\"og:site_name\" content=\"Profen Visiomax\" \/>\n<meta property=\"article:modified_time\" content=\"2022-10-05T07:21:56+00:00\" \/>\n<meta property=\"og:image\" content=\"https:\/\/profenvisiomax.com\/wp-content\/uploads\/faydalar.jpg\" \/>\n\t<meta property=\"og:image:width\" content=\"1920\" \/>\n\t<meta property=\"og:image:height\" content=\"450\" \/>\n\t<meta property=\"og:image:type\" content=\"image\/jpeg\" \/>\n<meta name=\"twitter:card\" content=\"summary_large_image\" \/>\n<meta name=\"twitter:label1\" content=\"Tahmini okuma s\u00fcresi\" \/>\n\t<meta name=\"twitter:data1\" content=\"2 dakika\" \/>\n<script type=\"application\/ld+json\" class=\"yoast-schema-graph\">{\"@context\":\"https:\/\/schema.org\",\"@graph\":[{\"@type\":\"WebPage\",\"@id\":\"https:\/\/profenvisiomax.com\/tr\/key-benefits\/\",\"url\":\"https:\/\/profenvisiomax.com\/tr\/key-benefits\/\",\"name\":\"Faydalar - Profen Visiomax\",\"isPartOf\":{\"@id\":\"https:\/\/profenvisiomax.com\/tr\/#website\"},\"datePublished\":\"2021-12-15T12:01:23+00:00\",\"dateModified\":\"2022-10-05T07:21:56+00:00\",\"description\":\"Profen Visiomax'in kullan\u0131m kolayl\u0131\u011f\u0131ndan ticari ve teknik avantajlar\u0131na kadar t\u00fcm faydalar\u0131n\u0131 incelemek i\u00e7in t\u0131klay\u0131n\u0131z.\",\"breadcrumb\":{\"@id\":\"https:\/\/profenvisiomax.com\/tr\/key-benefits\/#breadcrumb\"},\"inLanguage\":\"tr\",\"potentialAction\":[{\"@type\":\"ReadAction\",\"target\":[\"https:\/\/profenvisiomax.com\/tr\/key-benefits\/\"]}]},{\"@type\":\"BreadcrumbList\",\"@id\":\"https:\/\/profenvisiomax.com\/tr\/key-benefits\/#breadcrumb\",\"itemListElement\":[{\"@type\":\"ListItem\",\"position\":1,\"name\":\"Home\",\"item\":\"https:\/\/profenvisiomax.com\/tr\/\"},{\"@type\":\"ListItem\",\"position\":2,\"name\":\"Faydalar\"}]},{\"@type\":\"WebSite\",\"@id\":\"https:\/\/profenvisiomax.com\/tr\/#website\",\"url\":\"https:\/\/profenvisiomax.com\/tr\/\",\"name\":\"Profen Visiomax\",\"description\":\"\",\"potentialAction\":[{\"@type\":\"SearchAction\",\"target\":{\"@type\":\"EntryPoint\",\"urlTemplate\":\"https:\/\/profenvisiomax.com\/tr\/?s={search_term_string}\"},\"query-input\":\"required name=search_term_string\"}],\"inLanguage\":\"tr\"}]}<\/script>\n<!-- \/ Yoast SEO plugin. -->","yoast_head_json":{"title":"Faydalar - Profen Visiomax","description":"Profen Visiomax'in kullan\u0131m kolayl\u0131\u011f\u0131ndan ticari ve teknik avantajlar\u0131na kadar t\u00fcm faydalar\u0131n\u0131 incelemek i\u00e7in t\u0131klay\u0131n\u0131z.","robots":{"index":"index","follow":"follow","max-snippet":"max-snippet:-1","max-image-preview":"max-image-preview:large","max-video-preview":"max-video-preview:-1"},"canonical":"https:\/\/profenvisiomax.com\/tr\/key-benefits\/","og_locale":"tr_TR","og_type":"article","og_title":"Faydalar - Profen Visiomax","og_description":"Profen Visiomax'in kullan\u0131m kolayl\u0131\u011f\u0131ndan ticari ve teknik avantajlar\u0131na kadar t\u00fcm faydalar\u0131n\u0131 incelemek i\u00e7in t\u0131klay\u0131n\u0131z.","og_url":"https:\/\/profenvisiomax.com\/tr\/key-benefits\/","og_site_name":"Profen Visiomax","article_modified_time":"2022-10-05T07:21:56+00:00","og_image":[{"width":1920,"height":450,"url":"https:\/\/profenvisiomax.com\/wp-content\/uploads\/faydalar.jpg","type":"image\/jpeg"}],"twitter_card":"summary_large_image","twitter_misc":{"Tahmini okuma s\u00fcresi":"2 dakika"},"schema":{"@context":"https:\/\/schema.org","@graph":[{"@type":"WebPage","@id":"https:\/\/profenvisiomax.com\/tr\/key-benefits\/","url":"https:\/\/profenvisiomax.com\/tr\/key-benefits\/","name":"Faydalar - Profen Visiomax","isPartOf":{"@id":"https:\/\/profenvisiomax.com\/tr\/#website"},"datePublished":"2021-12-15T12:01:23+00:00","dateModified":"2022-10-05T07:21:56+00:00","description":"Profen Visiomax'in kullan\u0131m kolayl\u0131\u011f\u0131ndan ticari ve teknik avantajlar\u0131na kadar t\u00fcm faydalar\u0131n\u0131 incelemek i\u00e7in t\u0131klay\u0131n\u0131z.","breadcrumb":{"@id":"https:\/\/profenvisiomax.com\/tr\/key-benefits\/#breadcrumb"},"inLanguage":"tr","potentialAction":[{"@type":"ReadAction","target":["https:\/\/profenvisiomax.com\/tr\/key-benefits\/"]}]},{"@type":"BreadcrumbList","@id":"https:\/\/profenvisiomax.com\/tr\/key-benefits\/#breadcrumb","itemListElement":[{"@type":"ListItem","position":1,"name":"Home","item":"https:\/\/profenvisiomax.com\/tr\/"},{"@type":"ListItem","position":2,"name":"Faydalar"}]},{"@type":"WebSite","@id":"https:\/\/profenvisiomax.com\/tr\/#website","url":"https:\/\/profenvisiomax.com\/tr\/","name":"Profen Visiomax","description":"","potentialAction":[{"@type":"SearchAction","target":{"@type":"EntryPoint","urlTemplate":"https:\/\/profenvisiomax.com\/tr\/?s={search_term_string}"},"query-input":"required name=search_term_string"}],"inLanguage":"tr"}]}},"_links":{"self":[{"href":"https:\/\/profenvisiomax.com\/tr\/wp-json\/wp\/v2\/pages\/2168"}],"collection":[{"href":"https:\/\/profenvisiomax.com\/tr\/wp-json\/wp\/v2\/pages"}],"about":[{"href":"https:\/\/profenvisiomax.com\/tr\/wp-json\/wp\/v2\/types\/page"}],"author":[{"embeddable":true,"href":"https:\/\/profenvisiomax.com\/tr\/wp-json\/wp\/v2\/users\/1"}],"replies":[{"embeddable":true,"href":"https:\/\/profenvisiomax.com\/tr\/wp-json\/wp\/v2\/comments?post=2168"}],"version-history":[{"count":9,"href":"https:\/\/profenvisiomax.com\/tr\/wp-json\/wp\/v2\/pages\/2168\/revisions"}],"predecessor-version":[{"id":2611,"href":"https:\/\/profenvisiomax.com\/tr\/wp-json\/wp\/v2\/pages\/2168\/revisions\/2611"}],"wp:featuredmedia":[{"embeddable":true,"href":"https:\/\/profenvisiomax.com\/tr\/wp-json\/wp\/v2\/media\/2535"}],"wp:attachment":[{"href":"https:\/\/profenvisiomax.com\/tr\/wp-json\/wp\/v2\/media?parent=2168"}],"curies":[{"name":"wp","href":"https:\/\/api.w.org\/{rel}","templated":true}]}}