{"id":2174,"date":"2021-12-15T14:51:54","date_gmt":"2021-12-15T11:51:54","guid":{"rendered":"https:\/\/visiomax.bootests.com\/product-overview\/"},"modified":"2022-10-05T11:30:34","modified_gmt":"2022-10-05T08:30:34","slug":"urune-genel-bakis","status":"publish","type":"page","link":"https:\/\/profenvisiomax.com\/tr\/urune-genel-bakis\/","title":{"rendered":"\u00dcr\u00fcne Genel Bak\u0131\u015f"},"content":{"rendered":"<div class=\"wpb-content-wrapper\"><p>[vc_row][vc_column width=&#8221;1\/2&#8243;][vc_column_text]<\/p>\n<h2>PROFEN visioMAX Repair and Overhaul (MRO) Nedir?<\/h2>\n<p>PROFEN visioMAX konfigu\u0308rasyon tabanl\u0131 bir MRO\u2019dur.<\/p>\n<p>O\u0308zellikle tu\u0308m boyutlardaki d\u00fczenli bak\u0131m ve onar\u0131m gerektiren tesisler, arac\u0327lar ve sistemlerin teknik faaliyetlerinin, teknik personel kayna\u011f\u0131 y\u00f6netiminin, i\u015f emri, depo ve stok y\u00f6netimi ve planlanmas\u0131 i\u00e7in tasarlanm\u0131s\u0327t\u0131r. Yaz\u0131l\u0131m bak\u0131m onar\u0131m operasyonlar\u0131n\u0131z ic\u0327in gu\u0308c\u0327lu\u0308 ama esnek bir iskelet sunar. Ayr\u0131ca kurumunuzun ihtiya\u00e7lar\u0131n\u0131 kar\u015f\u0131layacak s\u0327ekilde maliyet etkin farkl\u0131 versiyonlarda sunulmaktad\u0131r.<\/p>\n<p>PROFEN visioMAX, c\u0327o\u0308zu\u0308mlerinin ticari faydalar\u0131n\u0131 ortaya koymak ve sizlere gu\u0308venilir, fonksiyonel yaz\u0131l\u0131mlar ve destek sunma konusundaki kararl\u0131l\u0131g\u0306\u0131m\u0131z\u0131 go\u0308stermek u\u0308zere tasarlanm\u0131\u015ft\u0131r.[\/vc_column_text][\/vc_column][vc_column width=&#8221;1\/2&#8243;][vc_single_image image=&#8221;2491&#8243; img_size=&#8221;full&#8221;][\/vc_column][vc_column][vc_column_text]<\/p>\n<h2>Taahh\u00fcd\u00fcm\u00fcz<\/h2>\n<p>PROFEN visioMax temel seviyeden karma\u015f\u0131k veya a\u011f\u0131r bak\u0131ma kadar t\u00fcm ihtiya\u00e7lar\u0131n\u0131z\u0131 kar\u015f\u0131layan kapsaml\u0131 ve u\u00e7tan uca bir \u00e7\u00f6z\u00fcm sunar. Bak\u0131m onar\u0131m faaliyet ve s\u00fcre\u00e7lerini t\u00fcm ya\u015fam d\u00f6ng\u00fcleri boyunca y\u00f6netmelerini sa\u011flar.\u00a0 Kaliteli, kontroll\u00fc ve raporlanabilir s\u00fcre\u00e7ler maliyet etkin bir m\u00fc\u015fteri memnuniyeti sa\u011flar. PROFEN visioMAX bunu yapman\u0131za iki \u015fekilde yard\u0131mc\u0131 olur:<\/p>\n<ul>\n<li>\u015eirketinizin bak\u0131m onar\u0131m s\u00fcre\u00e7lerini disiplin alt\u0131na al\u0131r.<\/li>\n<li>Kararlara yard\u0131mc\u0131 olacak verileri toplar, payla\u015f\u0131r ve raporlar. Bu sayede s\u0327irketinizin performans\u0131na dair anl\u0131k go\u0308ru\u0308ntu\u0308ler sag\u0306lar.<\/li>\n<\/ul>\n<p>PROFEN visioMax yaz\u0131l\u0131m\u0131 ile maliyetleriniz d\u00fc\u015ferken, faaliyet verimlili\u011finiz artar.<\/p>\n<h2>Benzersiz Yakla\u015f\u0131m\u0131m\u0131z<\/h2>\n<p>\u00c7\u00f6z\u00fcm\u00fcm\u00fcz, uzaktan y\u00f6netim ve izleme sistemleri ile, PROFEN Visionic gibi, entegre olarak \u00e7al\u0131\u015f\u0131r ve bu sayede bak\u0131m onar\u0131m s\u00fcre\u00e7lerinizdeki t\u00fcm resmi rahatl\u0131kla g\u00f6rebilirsiniz. Verimlili\u011fi do\u011frudan etkileyen \u00f6ng\u00f6r\u00fclmeyen kesintiler ya\u015fanmaz, bak\u0131m ve onar\u0131m faaliyetleri zaman\u0131nda yap\u0131larak, takipsizlikten do\u011fan kesintilerinin \u00f6n\u00fcne ge\u00e7ilmi\u015f olur.[\/vc_column_text][\/vc_column][\/vc_row]<\/p>\n<\/div>","protected":false},"excerpt":{"rendered":"<p>[vc_row][vc_column width=&#8221;1\/2&#8243;][vc_column_text] PROFEN visioMAX Repair and Overhaul (MRO) Nedir? PROFEN visioMAX konfigu\u0308rasyon tabanl\u0131 bir MRO\u2019dur. O\u0308zellikle tu\u0308m boyutlardaki d\u00fczenli bak\u0131m [&hellip;]<\/p>\n","protected":false},"author":1,"featured_media":2554,"parent":0,"menu_order":0,"comment_status":"closed","ping_status":"closed","template":"","meta":{"footnotes":""},"acf":[],"yoast_head":"<!-- This site is optimized with the Yoast SEO plugin v21.8 - https:\/\/yoast.com\/wordpress\/plugins\/seo\/ -->\n<title>\u00dcr\u00fcne Genel Bak\u0131\u015f - Profen Visiomax<\/title>\n<meta name=\"description\" content=\"Profen Visiomax nedir? Hizmetlerimiz ve \u00fcr\u00fcnlerimiz hakk\u0131nda genel bak\u0131\u015f ve yakla\u015f\u0131m\u0131m\u0131zla ilgili bilgi i\u00e7in t\u0131klay\u0131n\u0131z.\" \/>\n<meta name=\"robots\" content=\"index, follow, max-snippet:-1, max-image-preview:large, max-video-preview:-1\" \/>\n<link rel=\"canonical\" href=\"https:\/\/profenvisiomax.com\/tr\/urune-genel-bakis\/\" \/>\n<meta property=\"og:locale\" content=\"tr_TR\" \/>\n<meta property=\"og:type\" content=\"article\" \/>\n<meta property=\"og:title\" content=\"\u00dcr\u00fcne Genel Bak\u0131\u015f - Profen Visiomax\" \/>\n<meta property=\"og:description\" content=\"Profen Visiomax nedir? Hizmetlerimiz ve \u00fcr\u00fcnlerimiz hakk\u0131nda genel bak\u0131\u015f ve yakla\u015f\u0131m\u0131m\u0131zla ilgili bilgi i\u00e7in t\u0131klay\u0131n\u0131z.\" \/>\n<meta property=\"og:url\" content=\"https:\/\/profenvisiomax.com\/tr\/urune-genel-bakis\/\" \/>\n<meta property=\"og:site_name\" content=\"Profen Visiomax\" \/>\n<meta property=\"article:modified_time\" content=\"2022-10-05T08:30:34+00:00\" \/>\n<meta property=\"og:image\" content=\"https:\/\/profenvisiomax.com\/wp-content\/uploads\/product-overview-1.jpg\" \/>\n\t<meta property=\"og:image:width\" content=\"1920\" \/>\n\t<meta property=\"og:image:height\" content=\"450\" \/>\n\t<meta property=\"og:image:type\" content=\"image\/jpeg\" \/>\n<meta name=\"twitter:card\" content=\"summary_large_image\" \/>\n<meta name=\"twitter:label1\" content=\"Tahmini okuma s\u00fcresi\" \/>\n\t<meta name=\"twitter:data1\" content=\"1 dakika\" \/>\n<script type=\"application\/ld+json\" class=\"yoast-schema-graph\">{\"@context\":\"https:\/\/schema.org\",\"@graph\":[{\"@type\":\"WebPage\",\"@id\":\"https:\/\/profenvisiomax.com\/tr\/urune-genel-bakis\/\",\"url\":\"https:\/\/profenvisiomax.com\/tr\/urune-genel-bakis\/\",\"name\":\"\u00dcr\u00fcne Genel Bak\u0131\u015f - Profen Visiomax\",\"isPartOf\":{\"@id\":\"https:\/\/profenvisiomax.com\/tr\/#website\"},\"datePublished\":\"2021-12-15T11:51:54+00:00\",\"dateModified\":\"2022-10-05T08:30:34+00:00\",\"description\":\"Profen Visiomax nedir? Hizmetlerimiz ve \u00fcr\u00fcnlerimiz hakk\u0131nda genel bak\u0131\u015f ve yakla\u015f\u0131m\u0131m\u0131zla ilgili bilgi i\u00e7in t\u0131klay\u0131n\u0131z.\",\"breadcrumb\":{\"@id\":\"https:\/\/profenvisiomax.com\/tr\/urune-genel-bakis\/#breadcrumb\"},\"inLanguage\":\"tr\",\"potentialAction\":[{\"@type\":\"ReadAction\",\"target\":[\"https:\/\/profenvisiomax.com\/tr\/urune-genel-bakis\/\"]}]},{\"@type\":\"BreadcrumbList\",\"@id\":\"https:\/\/profenvisiomax.com\/tr\/urune-genel-bakis\/#breadcrumb\",\"itemListElement\":[{\"@type\":\"ListItem\",\"position\":1,\"name\":\"Home\",\"item\":\"https:\/\/profenvisiomax.com\/tr\/\"},{\"@type\":\"ListItem\",\"position\":2,\"name\":\"\u00dcr\u00fcne Genel Bak\u0131\u015f\"}]},{\"@type\":\"WebSite\",\"@id\":\"https:\/\/profenvisiomax.com\/tr\/#website\",\"url\":\"https:\/\/profenvisiomax.com\/tr\/\",\"name\":\"Profen Visiomax\",\"description\":\"\",\"potentialAction\":[{\"@type\":\"SearchAction\",\"target\":{\"@type\":\"EntryPoint\",\"urlTemplate\":\"https:\/\/profenvisiomax.com\/tr\/?s={search_term_string}\"},\"query-input\":\"required name=search_term_string\"}],\"inLanguage\":\"tr\"}]}<\/script>\n<!-- \/ Yoast SEO plugin. -->","yoast_head_json":{"title":"\u00dcr\u00fcne Genel Bak\u0131\u015f - Profen Visiomax","description":"Profen Visiomax nedir? Hizmetlerimiz ve \u00fcr\u00fcnlerimiz hakk\u0131nda genel bak\u0131\u015f ve yakla\u015f\u0131m\u0131m\u0131zla ilgili bilgi i\u00e7in t\u0131klay\u0131n\u0131z.","robots":{"index":"index","follow":"follow","max-snippet":"max-snippet:-1","max-image-preview":"max-image-preview:large","max-video-preview":"max-video-preview:-1"},"canonical":"https:\/\/profenvisiomax.com\/tr\/urune-genel-bakis\/","og_locale":"tr_TR","og_type":"article","og_title":"\u00dcr\u00fcne Genel Bak\u0131\u015f - Profen Visiomax","og_description":"Profen Visiomax nedir? Hizmetlerimiz ve \u00fcr\u00fcnlerimiz hakk\u0131nda genel bak\u0131\u015f ve yakla\u015f\u0131m\u0131m\u0131zla ilgili bilgi i\u00e7in t\u0131klay\u0131n\u0131z.","og_url":"https:\/\/profenvisiomax.com\/tr\/urune-genel-bakis\/","og_site_name":"Profen Visiomax","article_modified_time":"2022-10-05T08:30:34+00:00","og_image":[{"width":1920,"height":450,"url":"https:\/\/profenvisiomax.com\/wp-content\/uploads\/product-overview-1.jpg","type":"image\/jpeg"}],"twitter_card":"summary_large_image","twitter_misc":{"Tahmini okuma s\u00fcresi":"1 dakika"},"schema":{"@context":"https:\/\/schema.org","@graph":[{"@type":"WebPage","@id":"https:\/\/profenvisiomax.com\/tr\/urune-genel-bakis\/","url":"https:\/\/profenvisiomax.com\/tr\/urune-genel-bakis\/","name":"\u00dcr\u00fcne Genel Bak\u0131\u015f - Profen Visiomax","isPartOf":{"@id":"https:\/\/profenvisiomax.com\/tr\/#website"},"datePublished":"2021-12-15T11:51:54+00:00","dateModified":"2022-10-05T08:30:34+00:00","description":"Profen Visiomax nedir? Hizmetlerimiz ve \u00fcr\u00fcnlerimiz hakk\u0131nda genel bak\u0131\u015f ve yakla\u015f\u0131m\u0131m\u0131zla ilgili bilgi i\u00e7in t\u0131klay\u0131n\u0131z.","breadcrumb":{"@id":"https:\/\/profenvisiomax.com\/tr\/urune-genel-bakis\/#breadcrumb"},"inLanguage":"tr","potentialAction":[{"@type":"ReadAction","target":["https:\/\/profenvisiomax.com\/tr\/urune-genel-bakis\/"]}]},{"@type":"BreadcrumbList","@id":"https:\/\/profenvisiomax.com\/tr\/urune-genel-bakis\/#breadcrumb","itemListElement":[{"@type":"ListItem","position":1,"name":"Home","item":"https:\/\/profenvisiomax.com\/tr\/"},{"@type":"ListItem","position":2,"name":"\u00dcr\u00fcne Genel Bak\u0131\u015f"}]},{"@type":"WebSite","@id":"https:\/\/profenvisiomax.com\/tr\/#website","url":"https:\/\/profenvisiomax.com\/tr\/","name":"Profen Visiomax","description":"","potentialAction":[{"@type":"SearchAction","target":{"@type":"EntryPoint","urlTemplate":"https:\/\/profenvisiomax.com\/tr\/?s={search_term_string}"},"query-input":"required name=search_term_string"}],"inLanguage":"tr"}]}},"_links":{"self":[{"href":"https:\/\/profenvisiomax.com\/tr\/wp-json\/wp\/v2\/pages\/2174"}],"collection":[{"href":"https:\/\/profenvisiomax.com\/tr\/wp-json\/wp\/v2\/pages"}],"about":[{"href":"https:\/\/profenvisiomax.com\/tr\/wp-json\/wp\/v2\/types\/page"}],"author":[{"embeddable":true,"href":"https:\/\/profenvisiomax.com\/tr\/wp-json\/wp\/v2\/users\/1"}],"replies":[{"embeddable":true,"href":"https:\/\/profenvisiomax.com\/tr\/wp-json\/wp\/v2\/comments?post=2174"}],"version-history":[{"count":12,"href":"https:\/\/profenvisiomax.com\/tr\/wp-json\/wp\/v2\/pages\/2174\/revisions"}],"predecessor-version":[{"id":2731,"href":"https:\/\/profenvisiomax.com\/tr\/wp-json\/wp\/v2\/pages\/2174\/revisions\/2731"}],"wp:featuredmedia":[{"embeddable":true,"href":"https:\/\/profenvisiomax.com\/tr\/wp-json\/wp\/v2\/media\/2554"}],"wp:attachment":[{"href":"https:\/\/profenvisiomax.com\/tr\/wp-json\/wp\/v2\/media?parent=2174"}],"curies":[{"name":"wp","href":"https:\/\/api.w.org\/{rel}","templated":true}]}}