{"id":2176,"date":"2021-12-14T15:36:02","date_gmt":"2021-12-14T12:36:02","guid":{"rendered":"https:\/\/visiomax.bootests.com\/q-a\/"},"modified":"2022-10-05T11:01:54","modified_gmt":"2022-10-05T08:01:54","slug":"sss","status":"publish","type":"page","link":"https:\/\/profenvisiomax.com\/tr\/sss\/","title":{"rendered":"SSS"},"content":{"rendered":"<div class=\"wpb-content-wrapper\"><p>[vc_row full_width=&#8221;stretch_row&#8221; el_class=&#8221;home-faq-section page-faq-section&#8221;][vc_column][vc_custom_heading text=&#8221;S\u0131k\u00e7a Sorulan Sorular&#8221; use_theme_fonts=&#8221;yes&#8221; el_class=&#8221;sss&#8221;][vc_column_text]Merak etti\u011finiz t\u00fcm sorular.[\/vc_column_text][vc_column_text]\r\n                <div class=\"home__component-sss-area overflow-hidden\">\r\n                     <div class=\"visionic--container\">\r\n                        <div class=\"sss-visiomax\">\r\n                            <div class=\"row\">\r\n                                \r\n                <div class=\"col-md-12\">\r\n                    <div class=\"visiomax-tabs--item-area\">\r\n                      <div class=\"visiomax-tabs-item--head-area\">\r\n                        <h3>Program\u0131 bilgisayara kurup \u00e7al\u0131\u015ft\u0131rmam\u0131z gerekiyor mu?<\/h3>\r\n                        <span class=\"icon\"><\/span>\r\n                      <\/div>\r\n                      <div class=\"visiomax-tabs-item--body-area\" style=\"display: none;\">\r\n                        <p>Hay\u0131r. PROFEN visioMAX sistemi servis olarak sunuldu\u011fundan internet olan her yerde kullanabilirsiniz. PROFEN visioMAX sistemini herhangi bir web taray\u0131c\u0131n\u0131n adres \u00e7ubu\u011funa program\u0131n internet adresini yaz\u0131p kullanmaya ba\u015flayabilirsiniz. Program\u0131 hem bilgisayar, hem tablet, hem de cep telefonunuzun web taray\u0131c\u0131s\u0131 \u00fczerinden kullanabilirsiniz.<\/p>\n\r\n                      <\/div>\r\n                    <\/div>\r\n                <\/div>\r\n\r\n                \r\n                <div class=\"col-md-12\">\r\n                    <div class=\"visiomax-tabs--item-area\">\r\n                      <div class=\"visiomax-tabs-item--head-area\">\r\n                        <h3>Yaz\u0131l\u0131mdan al\u0131nan uyar\u0131lar\u0131n ayarlamas\u0131n\u0131 yapabilir miyiz?<\/h3>\r\n                        <span class=\"icon\"><\/span>\r\n                      <\/div>\r\n                      <div class=\"visiomax-tabs-item--body-area\" style=\"display: none;\">\r\n                        <p>Yaz\u0131l\u0131mdan al\u0131nan uyar\u0131lar\u0131n ayarlamas\u0131n\u0131 yapabilir miyiz?<\/p>\n\r\n                      <\/div>\r\n                    <\/div>\r\n                <\/div>\r\n\r\n                \r\n                <div class=\"col-md-12\">\r\n                    <div class=\"visiomax-tabs--item-area\">\r\n                      <div class=\"visiomax-tabs-item--head-area\">\r\n                        <h3>Programda i\u015f raporlar\u0131 kay\u0131tlar\u0131 tutulmakta m\u0131d\u0131r?<\/h3>\r\n                        <span class=\"icon\"><\/span>\r\n                      <\/div>\r\n                      <div class=\"visiomax-tabs-item--body-area\" style=\"display: none;\">\r\n                        <p>Evet. Tamamlanm\u0131\u015f i\u015f emirlerinden \u00e7\u0131kt\u0131lar\u0131 al\u0131nabilen kay\u0131tlar tutulmaktad\u0131r. Gerekti\u011finde bu kay\u0131tlar\u0131n \u00e7\u0131kt\u0131lar\u0131 al\u0131nabilmektedir.<\/p>\n\r\n                      <\/div>\r\n                    <\/div>\r\n                <\/div>\r\n\r\n                \r\n                <div class=\"col-md-12\">\r\n                    <div class=\"visiomax-tabs--item-area\">\r\n                      <div class=\"visiomax-tabs-item--head-area\">\r\n                        <h3>Programa herhangi bir dok\u00fcman ekleyip \u00e7\u0131kartmak \u00e7\u0131kt\u0131lar\u0131n\u0131 alabilmek m\u00fcmk\u00fcn m\u00fcd\u00fcr?<\/h3>\r\n                        <span class=\"icon\"><\/span>\r\n                      <\/div>\r\n                      <div class=\"visiomax-tabs-item--body-area\" style=\"display: none;\">\r\n                        <p>Evet. Programa herhangi bir formatta dok\u00fcman eklenebilmekte ve gerekti\u011finde d\u0131\u015far\u0131ya \u00e7\u0131kt\u0131 olarak al\u0131nabilmektedir.<\/p>\n\r\n                      <\/div>\r\n                    <\/div>\r\n                <\/div>\r\n\r\n                \r\n                <div class=\"col-md-12\">\r\n                    <div class=\"visiomax-tabs--item-area\">\r\n                      <div class=\"visiomax-tabs-item--head-area\">\r\n                        <h3>Yaz\u0131l\u0131m\u0131 ald\u0131ktan sonra \u015firketiniz e\u011fitim dok\u00fcman\u0131 ve sat\u0131\u015f sonras\u0131 hizmeti sa\u011flayacak m\u0131d\u0131r?<\/h3>\r\n                        <span class=\"icon\"><\/span>\r\n                      <\/div>\r\n                      <div class=\"visiomax-tabs-item--body-area\" style=\"display: none;\">\r\n                        <p>Evet. Yaz\u0131l\u0131m\u0131 kullanmaya ba\u015flad\u0131\u011f\u0131n\u0131zda \u015firketimizce haz\u0131rlanm\u0131\u015f Yaz\u0131l\u0131m E\u011fitim Dok\u00fcman\u0131 sa\u011flanmaktad\u0131r. \u015eirketimizdeki e\u011fitmenler taraf\u0131ndan g\u00f6rsel ve i\u015fitsel e\u011fitimler verilmektedir. \u0130kili anla\u015fmalar kapsam\u0131nda sat\u0131\u015f sonras\u0131 yaz\u0131l\u0131m deste\u011fi ve hizmeti verilmektedir.<\/p>\n\r\n                      <\/div>\r\n                    <\/div>\r\n                <\/div>\r\n\r\n                \r\n                <div class=\"col-md-12\">\r\n                    <div class=\"visiomax-tabs--item-area\">\r\n                      <div class=\"visiomax-tabs-item--head-area\">\r\n                        <h3>PROFEN visioMAX yaz\u0131l\u0131m teknik deste\u011fini nas\u0131l ve nereden alabiliriz?<\/h3>\r\n                        <span class=\"icon\"><\/span>\r\n                      <\/div>\r\n                      <div class=\"visiomax-tabs-item--body-area\" style=\"display: none;\">\r\n                        <p>PROFEN visioMAX yaz\u0131l\u0131m\u0131yla ilgili 7\/24 teknik destek, indirimler ve teklifler, yaz\u0131l\u0131m hakk\u0131ndaki g\u00fcncellemeler, ilave edilecek mod\u00fcller ve \u015firketimiz taraf\u0131ndan sa\u011flanacak di\u011fer ayr\u0131cal\u0131klarla ilgili bilgilere ula\u015fabilmek i\u00e7in <a href=\"\/tr\/demo-hub\/\">https:\/\/www.profen.com\/demo-hub<\/a> adresimizi ziyaret edebilirsiniz.<\/p>\n\r\n                      <\/div>\r\n                    <\/div>\r\n                <\/div>\r\n\r\n                \r\n                <div class=\"col-md-12\">\r\n                    <div class=\"visiomax-tabs--item-area\">\r\n                      <div class=\"visiomax-tabs-item--head-area\">\r\n                        <h3>Herhangi biri i\u015f raporunu de\u011fi\u015ftirebilir mi?<\/h3>\r\n                        <span class=\"icon\"><\/span>\r\n                      <\/div>\r\n                      <div class=\"visiomax-tabs-item--body-area\" style=\"display: none;\">\r\n                        <p>Hay\u0131r de\u011fi\u015ftiremez. Bir i\u015f emri tamamland\u0131ktan sonra yani ar\u015fivlendikten sonra i\u015f emrinde veya al\u0131nacak olan i\u015f raporunda de\u011fi\u015fiklik yap\u0131lamaz. Fakat i\u015f emri dok\u00fcmanlar\u0131 (CRS, \u0130\u015f Tan\u0131m Kartlar\u0131 ve Di\u011fer Teknik Kay\u0131tlar) \u00e7\u0131kt\u0131lar\u0131 sistemden d\u0131\u015far\u0131 al\u0131nabilmekte ve yaz\u0131c\u0131dan yazd\u0131r\u0131labilmektedir.<\/p>\n\r\n                      <\/div>\r\n                    <\/div>\r\n                <\/div>\r\n\r\n                \r\n                <div class=\"col-md-12\">\r\n                    <div class=\"visiomax-tabs--item-area\">\r\n                      <div class=\"visiomax-tabs-item--head-area\">\r\n                        <h3>Program\u0131n\u0131zda envanter kontrol \u00f6zelli\u011fi var m\u0131?<\/h3>\r\n                        <span class=\"icon\"><\/span>\r\n                      <\/div>\r\n                      <div class=\"visiomax-tabs-item--body-area\" style=\"display: none;\">\r\n                        <p>PROFEN visioMAX Bak\u0131m Y\u00f6netimi program\u0131nda envanter kontrol \u00f6zelli\u011fi mevcuttur. Envanterdeki t\u00fcm malzemelerin miktar olarak kontrolleri yap\u0131labildi\u011fi gibi, hangi depoda ne kadar malzeme var, bir malzeme ne zaman, nereye transfer oldu\u011fu bilgileri kontrol edilebilmektedir. Ayr\u0131ca envanterdeki malzemelere ait Faal Mlz.Etiketi v.b\u2026 etiketlerin formlar\u0131n\u0131n ve transfer olan malzemelerin transfer form \u00e7\u0131kt\u0131lar\u0131 al\u0131nabilmektedir. Ayn\u0131 zamanda envanter mevcudu da PDF ve Word dok\u00fcman\u0131 \u00e7\u0131kt\u0131s\u0131 olarak al\u0131nabilmektedir.<\/p>\n\r\n                      <\/div>\r\n                    <\/div>\r\n                <\/div>\r\n\r\n                \r\n                <div class=\"col-md-12\">\r\n                    <div class=\"visiomax-tabs--item-area\">\r\n                      <div class=\"visiomax-tabs-item--head-area\">\r\n                        <h3>Programa girilecek u\u00e7ak say\u0131lar\u0131n\u0131n miktarlar\u0131nda say\u0131 olarak k\u0131s\u0131tlama var m\u0131?<\/h3>\r\n                        <span class=\"icon\"><\/span>\r\n                      <\/div>\r\n                      <div class=\"visiomax-tabs-item--body-area\" style=\"display: none;\">\r\n                        <p>Programa girilecek u\u00e7ak say\u0131lar\u0131n\u0131n miktarlar\u0131nda say\u0131 olarak k\u0131s\u0131tlama var m\u0131?<\/p>\n\r\n                      <\/div>\r\n                    <\/div>\r\n                <\/div>\r\n\r\n                \r\n                <div class=\"col-md-12\">\r\n                    <div class=\"visiomax-tabs--item-area\">\r\n                      <div class=\"visiomax-tabs-item--head-area\">\r\n                        <h3>Program\u0131n\u0131zda konfig\u00fcrasyon y\u00f6netimi mevcut mudur?<\/h3>\r\n                        <span class=\"icon\"><\/span>\r\n                      <\/div>\r\n                      <div class=\"visiomax-tabs-item--body-area\" style=\"display: none;\">\r\n                        <p>Evet. Programda u\u00e7aklar\u0131n konfig\u00fcrasyonlar\u0131n\u0131n y\u00f6netilebilece\u011fi bir konfig\u00fcrasyon y\u00f6netimi mevcuttur.<\/p>\n\r\n                      <\/div>\r\n                    <\/div>\r\n                <\/div>\r\n\r\n                \r\n                <div class=\"col-md-12\">\r\n                    <div class=\"visiomax-tabs--item-area\">\r\n                      <div class=\"visiomax-tabs-item--head-area\">\r\n                        <h3>Tekrarlanan ar\u0131zalar\u0131n kay\u0131tlar\u0131 tutulmakta ve grafik olarak sistemden al\u0131nabilmekte midir?<\/h3>\r\n                        <span class=\"icon\"><\/span>\r\n                      <\/div>\r\n                      <div class=\"visiomax-tabs-item--body-area\" style=\"display: none;\">\r\n                        <p>Evet. PROFEN visioMAX yaz\u0131l\u0131m\u0131 taraf\u0131ndan tekrarlanan ar\u0131zalara ait kay\u0131tlar tutulmakta ve istenildi\u011finde u\u00e7ak konfig\u00fcrasyonlar\u0131ndaki sistemler ve alt-sistemlerdeki tekrarlanan ar\u0131zalar PROFEN visioMAX yaz\u0131l\u0131m\u0131ndan \u00e7\u0131kt\u0131lar\u0131 al\u0131nabilmektedir.<\/p>\n\r\n                      <\/div>\r\n                    <\/div>\r\n                <\/div>\r\n\r\n                \r\n                <div class=\"col-md-12\">\r\n                    <div class=\"visiomax-tabs--item-area\">\r\n                      <div class=\"visiomax-tabs-item--head-area\">\r\n                        <h3>U\u00e7aklar\u0131m\u0131zda tak\u0131l\u0131 olan Life Limited (\u00d6m\u00fcr Sonu) olan malzemelerin takibini yapabilir miyiz?<\/h3>\r\n                        <span class=\"icon\"><\/span>\r\n                      <\/div>\r\n                      <div class=\"visiomax-tabs-item--body-area\" style=\"display: none;\">\r\n                        <p>Evet. PROFEN visioMAX yaz\u0131l\u0131m\u0131nda Life Limited (\u00d6m\u00fcr Sonu) olan malzemelerin takibi kolayl\u0131kla yap\u0131labilmektedir.<\/p>\n\r\n                      <\/div>\r\n                    <\/div>\r\n                <\/div>\r\n\r\n                \r\n                            <\/div>\r\n                        <\/div>\r\n                    <\/div>\r\n                <\/div> [\/vc_column_text][\/vc_column][\/vc_row]<\/p>\n<\/div>","protected":false},"excerpt":{"rendered":"<p>[vc_row full_width=&#8221;stretch_row&#8221; el_class=&#8221;home-faq-section page-faq-section&#8221;][vc_column][vc_custom_heading text=&#8221;S\u0131k\u00e7a Sorulan Sorular&#8221; use_theme_fonts=&#8221;yes&#8221; el_class=&#8221;sss&#8221;][vc_column_text]Merak etti\u011finiz t\u00fcm sorular.[\/vc_column_text][vc_column_text][\/vc_column_text][\/vc_column][\/vc_row]<\/p>\n","protected":false},"author":1,"featured_media":2536,"parent":0,"menu_order":0,"comment_status":"closed","ping_status":"closed","template":"kurumsal-page.php","meta":{"footnotes":""},"acf":[],"yoast_head":"<!-- This site is optimized with the Yoast SEO plugin v21.8 - https:\/\/yoast.com\/wordpress\/plugins\/seo\/ -->\n<title>SSS - Profen Visiomax<\/title>\n<meta name=\"description\" content=\"Profen Visiomax ile ilgili s\u0131k\u00e7a sorulan sorular aras\u0131nda sizin de merak ettikleriniz olabilir. Sorular\u0131 ve yan\u0131tlar\u0131n\u0131 g\u00f6rebilmek i\u00e7in t\u0131klay\u0131n\u0131z.\" \/>\n<meta name=\"robots\" content=\"index, follow, max-snippet:-1, max-image-preview:large, max-video-preview:-1\" \/>\n<link rel=\"canonical\" href=\"https:\/\/profenvisiomax.com\/tr\/sss\/\" \/>\n<meta property=\"og:locale\" content=\"tr_TR\" \/>\n<meta property=\"og:type\" content=\"article\" \/>\n<meta property=\"og:title\" content=\"SSS - Profen Visiomax\" \/>\n<meta property=\"og:description\" content=\"Profen Visiomax ile ilgili s\u0131k\u00e7a sorulan sorular aras\u0131nda sizin de merak ettikleriniz olabilir. Sorular\u0131 ve yan\u0131tlar\u0131n\u0131 g\u00f6rebilmek i\u00e7in t\u0131klay\u0131n\u0131z.\" \/>\n<meta property=\"og:url\" content=\"https:\/\/profenvisiomax.com\/tr\/sss\/\" \/>\n<meta property=\"og:site_name\" content=\"Profen Visiomax\" \/>\n<meta property=\"article:modified_time\" content=\"2022-10-05T08:01:54+00:00\" \/>\n<meta property=\"og:image\" content=\"https:\/\/profenvisiomax.com\/wp-content\/uploads\/sss.jpg\" \/>\n\t<meta property=\"og:image:width\" content=\"1920\" \/>\n\t<meta property=\"og:image:height\" content=\"450\" \/>\n\t<meta property=\"og:image:type\" content=\"image\/jpeg\" \/>\n<meta name=\"twitter:card\" content=\"summary_large_image\" \/>\n<meta name=\"twitter:label1\" content=\"Tahmini okuma s\u00fcresi\" \/>\n\t<meta name=\"twitter:data1\" content=\"1 dakika\" \/>\n<script type=\"application\/ld+json\" class=\"yoast-schema-graph\">{\"@context\":\"https:\/\/schema.org\",\"@graph\":[{\"@type\":\"WebPage\",\"@id\":\"https:\/\/profenvisiomax.com\/tr\/sss\/\",\"url\":\"https:\/\/profenvisiomax.com\/tr\/sss\/\",\"name\":\"SSS - Profen Visiomax\",\"isPartOf\":{\"@id\":\"https:\/\/profenvisiomax.com\/tr\/#website\"},\"datePublished\":\"2021-12-14T12:36:02+00:00\",\"dateModified\":\"2022-10-05T08:01:54+00:00\",\"description\":\"Profen Visiomax ile ilgili s\u0131k\u00e7a sorulan sorular aras\u0131nda sizin de merak ettikleriniz olabilir. Sorular\u0131 ve yan\u0131tlar\u0131n\u0131 g\u00f6rebilmek i\u00e7in t\u0131klay\u0131n\u0131z.\",\"breadcrumb\":{\"@id\":\"https:\/\/profenvisiomax.com\/tr\/sss\/#breadcrumb\"},\"inLanguage\":\"tr\",\"potentialAction\":[{\"@type\":\"ReadAction\",\"target\":[\"https:\/\/profenvisiomax.com\/tr\/sss\/\"]}]},{\"@type\":\"BreadcrumbList\",\"@id\":\"https:\/\/profenvisiomax.com\/tr\/sss\/#breadcrumb\",\"itemListElement\":[{\"@type\":\"ListItem\",\"position\":1,\"name\":\"Home\",\"item\":\"https:\/\/profenvisiomax.com\/tr\/\"},{\"@type\":\"ListItem\",\"position\":2,\"name\":\"SSS\"}]},{\"@type\":\"WebSite\",\"@id\":\"https:\/\/profenvisiomax.com\/tr\/#website\",\"url\":\"https:\/\/profenvisiomax.com\/tr\/\",\"name\":\"Profen Visiomax\",\"description\":\"\",\"potentialAction\":[{\"@type\":\"SearchAction\",\"target\":{\"@type\":\"EntryPoint\",\"urlTemplate\":\"https:\/\/profenvisiomax.com\/tr\/?s={search_term_string}\"},\"query-input\":\"required name=search_term_string\"}],\"inLanguage\":\"tr\"}]}<\/script>\n<!-- \/ Yoast SEO plugin. -->","yoast_head_json":{"title":"SSS - Profen Visiomax","description":"Profen Visiomax ile ilgili s\u0131k\u00e7a sorulan sorular aras\u0131nda sizin de merak ettikleriniz olabilir. Sorular\u0131 ve yan\u0131tlar\u0131n\u0131 g\u00f6rebilmek i\u00e7in t\u0131klay\u0131n\u0131z.","robots":{"index":"index","follow":"follow","max-snippet":"max-snippet:-1","max-image-preview":"max-image-preview:large","max-video-preview":"max-video-preview:-1"},"canonical":"https:\/\/profenvisiomax.com\/tr\/sss\/","og_locale":"tr_TR","og_type":"article","og_title":"SSS - Profen Visiomax","og_description":"Profen Visiomax ile ilgili s\u0131k\u00e7a sorulan sorular aras\u0131nda sizin de merak ettikleriniz olabilir. Sorular\u0131 ve yan\u0131tlar\u0131n\u0131 g\u00f6rebilmek i\u00e7in t\u0131klay\u0131n\u0131z.","og_url":"https:\/\/profenvisiomax.com\/tr\/sss\/","og_site_name":"Profen Visiomax","article_modified_time":"2022-10-05T08:01:54+00:00","og_image":[{"width":1920,"height":450,"url":"https:\/\/profenvisiomax.com\/wp-content\/uploads\/sss.jpg","type":"image\/jpeg"}],"twitter_card":"summary_large_image","twitter_misc":{"Tahmini okuma s\u00fcresi":"1 dakika"},"schema":{"@context":"https:\/\/schema.org","@graph":[{"@type":"WebPage","@id":"https:\/\/profenvisiomax.com\/tr\/sss\/","url":"https:\/\/profenvisiomax.com\/tr\/sss\/","name":"SSS - Profen Visiomax","isPartOf":{"@id":"https:\/\/profenvisiomax.com\/tr\/#website"},"datePublished":"2021-12-14T12:36:02+00:00","dateModified":"2022-10-05T08:01:54+00:00","description":"Profen Visiomax ile ilgili s\u0131k\u00e7a sorulan sorular aras\u0131nda sizin de merak ettikleriniz olabilir. Sorular\u0131 ve yan\u0131tlar\u0131n\u0131 g\u00f6rebilmek i\u00e7in t\u0131klay\u0131n\u0131z.","breadcrumb":{"@id":"https:\/\/profenvisiomax.com\/tr\/sss\/#breadcrumb"},"inLanguage":"tr","potentialAction":[{"@type":"ReadAction","target":["https:\/\/profenvisiomax.com\/tr\/sss\/"]}]},{"@type":"BreadcrumbList","@id":"https:\/\/profenvisiomax.com\/tr\/sss\/#breadcrumb","itemListElement":[{"@type":"ListItem","position":1,"name":"Home","item":"https:\/\/profenvisiomax.com\/tr\/"},{"@type":"ListItem","position":2,"name":"SSS"}]},{"@type":"WebSite","@id":"https:\/\/profenvisiomax.com\/tr\/#website","url":"https:\/\/profenvisiomax.com\/tr\/","name":"Profen Visiomax","description":"","potentialAction":[{"@type":"SearchAction","target":{"@type":"EntryPoint","urlTemplate":"https:\/\/profenvisiomax.com\/tr\/?s={search_term_string}"},"query-input":"required name=search_term_string"}],"inLanguage":"tr"}]}},"_links":{"self":[{"href":"https:\/\/profenvisiomax.com\/tr\/wp-json\/wp\/v2\/pages\/2176"}],"collection":[{"href":"https:\/\/profenvisiomax.com\/tr\/wp-json\/wp\/v2\/pages"}],"about":[{"href":"https:\/\/profenvisiomax.com\/tr\/wp-json\/wp\/v2\/types\/page"}],"author":[{"embeddable":true,"href":"https:\/\/profenvisiomax.com\/tr\/wp-json\/wp\/v2\/users\/1"}],"replies":[{"embeddable":true,"href":"https:\/\/profenvisiomax.com\/tr\/wp-json\/wp\/v2\/comments?post=2176"}],"version-history":[{"count":4,"href":"https:\/\/profenvisiomax.com\/tr\/wp-json\/wp\/v2\/pages\/2176\/revisions"}],"predecessor-version":[{"id":2647,"href":"https:\/\/profenvisiomax.com\/tr\/wp-json\/wp\/v2\/pages\/2176\/revisions\/2647"}],"wp:featuredmedia":[{"embeddable":true,"href":"https:\/\/profenvisiomax.com\/tr\/wp-json\/wp\/v2\/media\/2536"}],"wp:attachment":[{"href":"https:\/\/profenvisiomax.com\/tr\/wp-json\/wp\/v2\/media?parent=2176"}],"curies":[{"name":"wp","href":"https:\/\/api.w.org\/{rel}","templated":true}]}}