{"id":2183,"date":"2021-12-15T15:00:04","date_gmt":"2021-12-15T12:00:04","guid":{"rendered":"https:\/\/visiomax.bootests.com\/visiomax-mro\/"},"modified":"2022-10-05T10:57:01","modified_gmt":"2022-10-05T07:57:01","slug":"neden-visiomax","status":"publish","type":"page","link":"https:\/\/profenvisiomax.com\/tr\/neden-visiomax\/","title":{"rendered":"Neden visioMAX"},"content":{"rendered":"<div class=\"wpb-content-wrapper\"><p>[vc_row][vc_column width=&#8221;1\/2&#8243;][vc_column_text]<\/p>\n<h2>PROFEN visioMAX MRO\u2019yu kimler kullan\u0131r?<\/h2>\n<p>MRO as\u0327ag\u0306\u0131daki faaliyetlerin herhangi birini ya da tamam\u0131n\u0131 gerc\u0327ekles\u0327tiren kurumlar\u0131n ihtiyac\u0327lar\u0131n\u0131 kars\u0327\u0131lamak u\u0308zere dizayn edilmis\u0327tir:<\/p>\n<ul>\n<li>Sivil ve Askeri Hava Ara\u00e7lar\u0131 Bak\u0131m Kurulu\u015flar\u0131 (Part -145 Arac\u0327 Bak\u0131m\u0131)<\/li>\n<li>Kara Ara\u00e7lar\u0131 Bak\u0131m \u0130\u015fleri yapan kurulu\u015flar<\/li>\n<li>GES, HES ve RES Gibi Enerji Santralleri Bak\u0131m\u0131 yapan kurulu\u015flar<\/li>\n<li>Jenerat\u00f6r, UPS Bak\u0131mlar\u0131 yapan firmalar<\/li>\n<li>Biles\u0327en\/Motor Yenileme \u2022 Parc\u0327a Tamiri &amp; Yenileme yapan firmalar<\/li>\n<li>Veri Merkezi i\u015fletmecileri, Sistem Odalar\u0131 ve Teknik Alanlara sahip kurulu\u015flar<\/li>\n<li>Otomasyon ile \u00fcretim yapan fabrikalar<\/li>\n<li>CNC Tezg\u00e2hlar\u0131, hassas kesim ve imalar yapan ekipmanlara sahip \u00fcretim yerleri<\/li>\n<li>\u00dcst seviye elektronik donan\u0131ma sahip Hastaneler, laboratuvarlar ve \u00fcniversiteler<\/li>\n<li>Bak\u0131m onar\u0131m e\u011fitimi veren meslek okullar\u0131<\/li>\n<\/ul>\n<p>[\/vc_column_text][\/vc_column][vc_column width=&#8221;1\/2&#8243;][vc_single_image image=&#8221;2495&#8243; img_size=&#8221;full&#8221;][\/vc_column][vc_column][vc_column_text]<\/p>\n<h2>PROFEN visioMAX MRO Neden Farkl\u0131d\u0131r?<\/h2>\n<ul>\n<li>Platformlar ve veritabanlar\u0131ndan bag\u0306\u0131ms\u0131z bir Java uygulamas\u0131d\u0131r.<\/li>\n<li>\u0130s\u0327 odakl\u0131 web-merkezli bir c\u0327o\u0308zu\u0308mdu\u0308r ve isterseniz tesislerinize kurularak dahili altyap\u0131n\u0131z\u0131 optimize eder, isterseniz gu\u0308venli veritaban\u0131m\u0131za talebe-bag\u0306l\u0131, Software as a Service (SaaS) c\u0327o\u0308zu\u0308mu\u0308 olarak kurulur ve tahmin edilebilir y\u0131ll\u0131k maliyetiyle modern ve gu\u0308venilir bir sonuc\u0327 sunar.<\/li>\n<li>Bir web taray\u0131c\u0131s\u0131 u\u0308zerinden yetkili kullan\u0131c\u0131lara du\u0308nyan\u0131n neresinde olurlarsa olsun gu\u0308venli eris\u0327im sag\u0306lan\u0131r. Gu\u0308c\u0327lu\u0308, c\u0327ok katmanl\u0131 mimarisi ve Hizmet Odakl\u0131 Mimarisi (SOA) teknolojinin eskime riskini minimuma indiren es\u0327siz bir arac\u0327 seti sunarken esnek, adapte olabilir ve o\u0308lc\u0327eklendirilebilir olma ihtiyac\u0131 dog\u0306rultusunda rekabetc\u0327i avantaj\u0131n\u0131z\u0131 artt\u0131r\u0131r.<\/li>\n<\/ul>\n<p>[\/vc_column_text][vc_column_text]<\/p>\n<h2>PROFEN visioMAX MRO Mod\u00fclleri<\/h2>\n<ul>\n<li>Bak\u0131m Mu\u0308hendislig\u0306i<\/li>\n<li>Hat Bak\u0131m\u0131<\/li>\n<li>Ag\u0306\u0131r Bak\u0131m<\/li>\n<li>Envanter Yo\u0308netimi<\/li>\n<li>Ato\u0308lyede Bak\u0131m<\/li>\n<li>Kalibrasyon Yo\u0308netimi<\/li>\n<li>Gu\u0308venilirlik Raporlar\u0131<\/li>\n<li>Panel<\/li>\n<li>Teknik Kitapl\u0131k Yo\u0308netimi<\/li>\n<li>Mobil \/ Kablosuz Cihaz Desteg\u0306i<\/li>\n<li>S1000D Standard\u0131na Uyumlu Fonksiyonlar<\/li>\n<li>Personel Y\u00f6netimi<\/li>\n<\/ul>\n<p>[\/vc_column_text][\/vc_column][\/vc_row]<\/p>\n<\/div>","protected":false},"excerpt":{"rendered":"<p>[vc_row][vc_column width=&#8221;1\/2&#8243;][vc_column_text] PROFEN visioMAX MRO\u2019yu kimler kullan\u0131r? MRO as\u0327ag\u0306\u0131daki faaliyetlerin herhangi birini ya da tamam\u0131n\u0131 gerc\u0327ekles\u0327tiren kurumlar\u0131n ihtiyac\u0327lar\u0131n\u0131 kars\u0327\u0131lamak u\u0308zere [&hellip;]<\/p>\n","protected":false},"author":1,"featured_media":2555,"parent":0,"menu_order":0,"comment_status":"closed","ping_status":"closed","template":"","meta":{"footnotes":""},"acf":[],"yoast_head":"<!-- This site is optimized with the Yoast SEO plugin v21.8 - https:\/\/yoast.com\/wordpress\/plugins\/seo\/ -->\n<title>Neden visioMAX - Profen Visiomax<\/title>\n<meta name=\"description\" content=\"Neden Profen Visiomax&#039;i tercih etmelisiniz? Ayr\u0131nt\u0131l\u0131 bilgi i\u00e7in t\u0131klay\u0131n\u0131z ve sizin i\u00e7in neler yapabilece\u011fimizi inceleyiniz.\" \/>\n<meta name=\"robots\" content=\"index, follow, max-snippet:-1, max-image-preview:large, max-video-preview:-1\" \/>\n<link rel=\"canonical\" href=\"https:\/\/profenvisiomax.com\/tr\/neden-visiomax\/\" \/>\n<meta property=\"og:locale\" content=\"tr_TR\" \/>\n<meta property=\"og:type\" content=\"article\" \/>\n<meta property=\"og:title\" content=\"Neden visioMAX - Profen Visiomax\" \/>\n<meta property=\"og:description\" content=\"Neden Profen Visiomax&#039;i tercih etmelisiniz? Ayr\u0131nt\u0131l\u0131 bilgi i\u00e7in t\u0131klay\u0131n\u0131z ve sizin i\u00e7in neler yapabilece\u011fimizi inceleyiniz.\" \/>\n<meta property=\"og:url\" content=\"https:\/\/profenvisiomax.com\/tr\/neden-visiomax\/\" \/>\n<meta property=\"og:site_name\" content=\"Profen Visiomax\" \/>\n<meta property=\"article:modified_time\" content=\"2022-10-05T07:57:01+00:00\" \/>\n<meta property=\"og:image\" content=\"https:\/\/profenvisiomax.com\/wp-content\/uploads\/mro-1.jpg\" \/>\n\t<meta property=\"og:image:width\" content=\"1920\" \/>\n\t<meta property=\"og:image:height\" content=\"450\" \/>\n\t<meta property=\"og:image:type\" content=\"image\/jpeg\" \/>\n<meta name=\"twitter:card\" content=\"summary_large_image\" \/>\n<meta name=\"twitter:label1\" content=\"Tahmini okuma s\u00fcresi\" \/>\n\t<meta name=\"twitter:data1\" content=\"2 dakika\" \/>\n<script type=\"application\/ld+json\" class=\"yoast-schema-graph\">{\"@context\":\"https:\/\/schema.org\",\"@graph\":[{\"@type\":\"WebPage\",\"@id\":\"https:\/\/profenvisiomax.com\/tr\/neden-visiomax\/\",\"url\":\"https:\/\/profenvisiomax.com\/tr\/neden-visiomax\/\",\"name\":\"Neden visioMAX - Profen Visiomax\",\"isPartOf\":{\"@id\":\"https:\/\/profenvisiomax.com\/tr\/#website\"},\"datePublished\":\"2021-12-15T12:00:04+00:00\",\"dateModified\":\"2022-10-05T07:57:01+00:00\",\"description\":\"Neden Profen Visiomax'i tercih etmelisiniz? Ayr\u0131nt\u0131l\u0131 bilgi i\u00e7in t\u0131klay\u0131n\u0131z ve sizin i\u00e7in neler yapabilece\u011fimizi inceleyiniz.\",\"breadcrumb\":{\"@id\":\"https:\/\/profenvisiomax.com\/tr\/neden-visiomax\/#breadcrumb\"},\"inLanguage\":\"tr\",\"potentialAction\":[{\"@type\":\"ReadAction\",\"target\":[\"https:\/\/profenvisiomax.com\/tr\/neden-visiomax\/\"]}]},{\"@type\":\"BreadcrumbList\",\"@id\":\"https:\/\/profenvisiomax.com\/tr\/neden-visiomax\/#breadcrumb\",\"itemListElement\":[{\"@type\":\"ListItem\",\"position\":1,\"name\":\"Home\",\"item\":\"https:\/\/profenvisiomax.com\/tr\/\"},{\"@type\":\"ListItem\",\"position\":2,\"name\":\"Neden visioMAX\"}]},{\"@type\":\"WebSite\",\"@id\":\"https:\/\/profenvisiomax.com\/tr\/#website\",\"url\":\"https:\/\/profenvisiomax.com\/tr\/\",\"name\":\"Profen Visiomax\",\"description\":\"\",\"potentialAction\":[{\"@type\":\"SearchAction\",\"target\":{\"@type\":\"EntryPoint\",\"urlTemplate\":\"https:\/\/profenvisiomax.com\/tr\/?s={search_term_string}\"},\"query-input\":\"required name=search_term_string\"}],\"inLanguage\":\"tr\"}]}<\/script>\n<!-- \/ Yoast SEO plugin. -->","yoast_head_json":{"title":"Neden visioMAX - Profen Visiomax","description":"Neden Profen Visiomax'i tercih etmelisiniz? Ayr\u0131nt\u0131l\u0131 bilgi i\u00e7in t\u0131klay\u0131n\u0131z ve sizin i\u00e7in neler yapabilece\u011fimizi inceleyiniz.","robots":{"index":"index","follow":"follow","max-snippet":"max-snippet:-1","max-image-preview":"max-image-preview:large","max-video-preview":"max-video-preview:-1"},"canonical":"https:\/\/profenvisiomax.com\/tr\/neden-visiomax\/","og_locale":"tr_TR","og_type":"article","og_title":"Neden visioMAX - Profen Visiomax","og_description":"Neden Profen Visiomax'i tercih etmelisiniz? Ayr\u0131nt\u0131l\u0131 bilgi i\u00e7in t\u0131klay\u0131n\u0131z ve sizin i\u00e7in neler yapabilece\u011fimizi inceleyiniz.","og_url":"https:\/\/profenvisiomax.com\/tr\/neden-visiomax\/","og_site_name":"Profen Visiomax","article_modified_time":"2022-10-05T07:57:01+00:00","og_image":[{"width":1920,"height":450,"url":"https:\/\/profenvisiomax.com\/wp-content\/uploads\/mro-1.jpg","type":"image\/jpeg"}],"twitter_card":"summary_large_image","twitter_misc":{"Tahmini okuma s\u00fcresi":"2 dakika"},"schema":{"@context":"https:\/\/schema.org","@graph":[{"@type":"WebPage","@id":"https:\/\/profenvisiomax.com\/tr\/neden-visiomax\/","url":"https:\/\/profenvisiomax.com\/tr\/neden-visiomax\/","name":"Neden visioMAX - Profen Visiomax","isPartOf":{"@id":"https:\/\/profenvisiomax.com\/tr\/#website"},"datePublished":"2021-12-15T12:00:04+00:00","dateModified":"2022-10-05T07:57:01+00:00","description":"Neden Profen Visiomax'i tercih etmelisiniz? Ayr\u0131nt\u0131l\u0131 bilgi i\u00e7in t\u0131klay\u0131n\u0131z ve sizin i\u00e7in neler yapabilece\u011fimizi inceleyiniz.","breadcrumb":{"@id":"https:\/\/profenvisiomax.com\/tr\/neden-visiomax\/#breadcrumb"},"inLanguage":"tr","potentialAction":[{"@type":"ReadAction","target":["https:\/\/profenvisiomax.com\/tr\/neden-visiomax\/"]}]},{"@type":"BreadcrumbList","@id":"https:\/\/profenvisiomax.com\/tr\/neden-visiomax\/#breadcrumb","itemListElement":[{"@type":"ListItem","position":1,"name":"Home","item":"https:\/\/profenvisiomax.com\/tr\/"},{"@type":"ListItem","position":2,"name":"Neden visioMAX"}]},{"@type":"WebSite","@id":"https:\/\/profenvisiomax.com\/tr\/#website","url":"https:\/\/profenvisiomax.com\/tr\/","name":"Profen Visiomax","description":"","potentialAction":[{"@type":"SearchAction","target":{"@type":"EntryPoint","urlTemplate":"https:\/\/profenvisiomax.com\/tr\/?s={search_term_string}"},"query-input":"required name=search_term_string"}],"inLanguage":"tr"}]}},"_links":{"self":[{"href":"https:\/\/profenvisiomax.com\/tr\/wp-json\/wp\/v2\/pages\/2183"}],"collection":[{"href":"https:\/\/profenvisiomax.com\/tr\/wp-json\/wp\/v2\/pages"}],"about":[{"href":"https:\/\/profenvisiomax.com\/tr\/wp-json\/wp\/v2\/types\/page"}],"author":[{"embeddable":true,"href":"https:\/\/profenvisiomax.com\/tr\/wp-json\/wp\/v2\/users\/1"}],"replies":[{"embeddable":true,"href":"https:\/\/profenvisiomax.com\/tr\/wp-json\/wp\/v2\/comments?post=2183"}],"version-history":[{"count":11,"href":"https:\/\/profenvisiomax.com\/tr\/wp-json\/wp\/v2\/pages\/2183\/revisions"}],"predecessor-version":[{"id":2729,"href":"https:\/\/profenvisiomax.com\/tr\/wp-json\/wp\/v2\/pages\/2183\/revisions\/2729"}],"wp:featuredmedia":[{"embeddable":true,"href":"https:\/\/profenvisiomax.com\/tr\/wp-json\/wp\/v2\/media\/2555"}],"wp:attachment":[{"href":"https:\/\/profenvisiomax.com\/tr\/wp-json\/wp\/v2\/media?parent=2183"}],"curies":[{"name":"wp","href":"https:\/\/api.w.org\/{rel}","templated":true}]}}