{"id":2190,"date":"2021-12-14T15:35:00","date_gmt":"2021-12-14T12:35:00","guid":{"rendered":"https:\/\/visiomax.bootests.com\/video-library\/"},"modified":"2022-10-05T11:39:01","modified_gmt":"2022-10-05T08:39:01","slug":"video","status":"publish","type":"page","link":"https:\/\/profenvisiomax.com\/tr\/video\/","title":{"rendered":"Video"},"content":{"rendered":"<div class=\"wpb-content-wrapper\"><p>[vc_row full_width=&#8221;stretch_row&#8221; el_class=&#8221;container-fluid video-page-section&#8221;][vc_column][vc_row_inner][vc_column_inner][vc_custom_heading text=&#8221;Videomuz&#8221; use_theme_fonts=&#8221;yes&#8221;][vc_column_text]Son etkinliklerimizden videolar.[\/vc_column_text][\/vc_column_inner][\/vc_row_inner][vc_row_inner][vc_column_inner width=&#8221;1\/2&#8243;]\n\n                    <div class=\"visionic_videovisionics_single\">\n\n                        <a href=\"https:\/\/www.youtube.com\/watch?v=4D4XH15zIIA&amp;t=1554s\" data-fancybox  class=\"play-logo-overlay play-logo-overlay-three\">\n                                <img decoding=\"async\" src=\"https:\/\/profenvisiomax.com\/wp-content\/uploads\/visiomax-yazilim.png\" alt=\"Profen Tech Days - Profen visioMAX MRO Yaz\u0131l\u0131m\u0131\" class=\"document-visiomax-img\" >\n                            <\/a>\n                            <h6>  Profen Tech Days - Profen visioMAX MRO Yaz\u0131l\u0131m\u0131 <\/h6>\n\n                        <\/div>\n            [\/vc_column_inner][vc_column_inner width=&#8221;1\/2&#8243;]\n\n                    <div class=\"visionic_videovisionics_single\">\n\n                        <a href=\"https:\/\/www.youtube.com\/watch?v=m7ohMvyhZWI\" data-fancybox  class=\"play-logo-overlay play-logo-overlay-three\">\n                                <img decoding=\"async\" src=\"https:\/\/profenvisiomax.com\/wp-content\/uploads\/visiomax-1.png\" alt=\"PROFEN visioMAX\" class=\"document-visiomax-img\" >\n                            <\/a>\n                            <h6>  PROFEN visioMAX <\/h6>\n\n                        <\/div>\n            [\/vc_column_inner][\/vc_row_inner][\/vc_column][\/vc_row]<\/p>\n<\/div>","protected":false},"excerpt":{"rendered":"<p>[vc_row full_width=&#8221;stretch_row&#8221; el_class=&#8221;container-fluid video-page-section&#8221;][vc_column][vc_row_inner][vc_column_inner][vc_custom_heading text=&#8221;Videomuz&#8221; use_theme_fonts=&#8221;yes&#8221;][vc_column_text]Son etkinliklerimizden videolar.[\/vc_column_text][\/vc_column_inner][\/vc_row_inner][vc_row_inner][vc_column_inner width=&#8221;1\/2&#8243;][\/vc_column_inner][vc_column_inner width=&#8221;1\/2&#8243;][\/vc_column_inner][\/vc_row_inner][\/vc_column][\/vc_row]<\/p>\n","protected":false},"author":1,"featured_media":2559,"parent":0,"menu_order":0,"comment_status":"closed","ping_status":"closed","template":"kurumsal-page.php","meta":{"footnotes":""},"acf":[],"yoast_head":"<!-- This site is optimized with the Yoast SEO plugin v21.8 - https:\/\/yoast.com\/wordpress\/plugins\/seo\/ -->\n<title>Video - Profen Visiomax<\/title>\n<meta name=\"description\" content=\"Profen Visiomax \u00fcr\u00fcnleri ve hizmetleri hakk\u0131nda daha kolay bilgi almak i\u00e7in videolar\u0131m\u0131za g\u00f6z atabilirsiniz.\" \/>\n<meta name=\"robots\" content=\"index, follow, max-snippet:-1, max-image-preview:large, max-video-preview:-1\" \/>\n<link rel=\"canonical\" href=\"https:\/\/profenvisiomax.com\/tr\/video\/\" \/>\n<meta property=\"og:locale\" content=\"tr_TR\" \/>\n<meta property=\"og:type\" content=\"article\" \/>\n<meta property=\"og:title\" content=\"Video - Profen Visiomax\" \/>\n<meta property=\"og:description\" content=\"Profen Visiomax \u00fcr\u00fcnleri ve hizmetleri hakk\u0131nda daha kolay bilgi almak i\u00e7in videolar\u0131m\u0131za g\u00f6z atabilirsiniz.\" \/>\n<meta property=\"og:url\" content=\"https:\/\/profenvisiomax.com\/tr\/video\/\" \/>\n<meta property=\"og:site_name\" content=\"Profen Visiomax\" \/>\n<meta property=\"article:modified_time\" content=\"2022-10-05T08:39:01+00:00\" \/>\n<meta property=\"og:image\" content=\"https:\/\/profenvisiomax.com\/wp-content\/uploads\/video-brosur.jpg\" \/>\n\t<meta property=\"og:image:width\" content=\"1920\" \/>\n\t<meta property=\"og:image:height\" content=\"450\" \/>\n\t<meta property=\"og:image:type\" content=\"image\/jpeg\" \/>\n<meta name=\"twitter:card\" content=\"summary_large_image\" \/>\n<meta name=\"twitter:label1\" content=\"Tahmini okuma s\u00fcresi\" \/>\n\t<meta name=\"twitter:data1\" content=\"1 dakika\" \/>\n<script type=\"application\/ld+json\" class=\"yoast-schema-graph\">{\"@context\":\"https:\/\/schema.org\",\"@graph\":[{\"@type\":\"WebPage\",\"@id\":\"https:\/\/profenvisiomax.com\/tr\/video\/\",\"url\":\"https:\/\/profenvisiomax.com\/tr\/video\/\",\"name\":\"Video - Profen Visiomax\",\"isPartOf\":{\"@id\":\"https:\/\/profenvisiomax.com\/tr\/#website\"},\"datePublished\":\"2021-12-14T12:35:00+00:00\",\"dateModified\":\"2022-10-05T08:39:01+00:00\",\"description\":\"Profen Visiomax \u00fcr\u00fcnleri ve hizmetleri hakk\u0131nda daha kolay bilgi almak i\u00e7in videolar\u0131m\u0131za g\u00f6z atabilirsiniz.\",\"breadcrumb\":{\"@id\":\"https:\/\/profenvisiomax.com\/tr\/video\/#breadcrumb\"},\"inLanguage\":\"tr\",\"potentialAction\":[{\"@type\":\"ReadAction\",\"target\":[\"https:\/\/profenvisiomax.com\/tr\/video\/\"]}]},{\"@type\":\"BreadcrumbList\",\"@id\":\"https:\/\/profenvisiomax.com\/tr\/video\/#breadcrumb\",\"itemListElement\":[{\"@type\":\"ListItem\",\"position\":1,\"name\":\"Home\",\"item\":\"https:\/\/profenvisiomax.com\/tr\/\"},{\"@type\":\"ListItem\",\"position\":2,\"name\":\"Video\"}]},{\"@type\":\"WebSite\",\"@id\":\"https:\/\/profenvisiomax.com\/tr\/#website\",\"url\":\"https:\/\/profenvisiomax.com\/tr\/\",\"name\":\"Profen Visiomax\",\"description\":\"\",\"potentialAction\":[{\"@type\":\"SearchAction\",\"target\":{\"@type\":\"EntryPoint\",\"urlTemplate\":\"https:\/\/profenvisiomax.com\/tr\/?s={search_term_string}\"},\"query-input\":\"required name=search_term_string\"}],\"inLanguage\":\"tr\"}]}<\/script>\n<!-- \/ Yoast SEO plugin. -->","yoast_head_json":{"title":"Video - Profen Visiomax","description":"Profen Visiomax \u00fcr\u00fcnleri ve hizmetleri hakk\u0131nda daha kolay bilgi almak i\u00e7in videolar\u0131m\u0131za g\u00f6z atabilirsiniz.","robots":{"index":"index","follow":"follow","max-snippet":"max-snippet:-1","max-image-preview":"max-image-preview:large","max-video-preview":"max-video-preview:-1"},"canonical":"https:\/\/profenvisiomax.com\/tr\/video\/","og_locale":"tr_TR","og_type":"article","og_title":"Video - Profen Visiomax","og_description":"Profen Visiomax \u00fcr\u00fcnleri ve hizmetleri hakk\u0131nda daha kolay bilgi almak i\u00e7in videolar\u0131m\u0131za g\u00f6z atabilirsiniz.","og_url":"https:\/\/profenvisiomax.com\/tr\/video\/","og_site_name":"Profen Visiomax","article_modified_time":"2022-10-05T08:39:01+00:00","og_image":[{"width":1920,"height":450,"url":"https:\/\/profenvisiomax.com\/wp-content\/uploads\/video-brosur.jpg","type":"image\/jpeg"}],"twitter_card":"summary_large_image","twitter_misc":{"Tahmini okuma s\u00fcresi":"1 dakika"},"schema":{"@context":"https:\/\/schema.org","@graph":[{"@type":"WebPage","@id":"https:\/\/profenvisiomax.com\/tr\/video\/","url":"https:\/\/profenvisiomax.com\/tr\/video\/","name":"Video - Profen Visiomax","isPartOf":{"@id":"https:\/\/profenvisiomax.com\/tr\/#website"},"datePublished":"2021-12-14T12:35:00+00:00","dateModified":"2022-10-05T08:39:01+00:00","description":"Profen Visiomax \u00fcr\u00fcnleri ve hizmetleri hakk\u0131nda daha kolay bilgi almak i\u00e7in videolar\u0131m\u0131za g\u00f6z atabilirsiniz.","breadcrumb":{"@id":"https:\/\/profenvisiomax.com\/tr\/video\/#breadcrumb"},"inLanguage":"tr","potentialAction":[{"@type":"ReadAction","target":["https:\/\/profenvisiomax.com\/tr\/video\/"]}]},{"@type":"BreadcrumbList","@id":"https:\/\/profenvisiomax.com\/tr\/video\/#breadcrumb","itemListElement":[{"@type":"ListItem","position":1,"name":"Home","item":"https:\/\/profenvisiomax.com\/tr\/"},{"@type":"ListItem","position":2,"name":"Video"}]},{"@type":"WebSite","@id":"https:\/\/profenvisiomax.com\/tr\/#website","url":"https:\/\/profenvisiomax.com\/tr\/","name":"Profen Visiomax","description":"","potentialAction":[{"@type":"SearchAction","target":{"@type":"EntryPoint","urlTemplate":"https:\/\/profenvisiomax.com\/tr\/?s={search_term_string}"},"query-input":"required name=search_term_string"}],"inLanguage":"tr"}]}},"_links":{"self":[{"href":"https:\/\/profenvisiomax.com\/tr\/wp-json\/wp\/v2\/pages\/2190"}],"collection":[{"href":"https:\/\/profenvisiomax.com\/tr\/wp-json\/wp\/v2\/pages"}],"about":[{"href":"https:\/\/profenvisiomax.com\/tr\/wp-json\/wp\/v2\/types\/page"}],"author":[{"embeddable":true,"href":"https:\/\/profenvisiomax.com\/tr\/wp-json\/wp\/v2\/users\/1"}],"replies":[{"embeddable":true,"href":"https:\/\/profenvisiomax.com\/tr\/wp-json\/wp\/v2\/comments?post=2190"}],"version-history":[{"count":6,"href":"https:\/\/profenvisiomax.com\/tr\/wp-json\/wp\/v2\/pages\/2190\/revisions"}],"predecessor-version":[{"id":2643,"href":"https:\/\/profenvisiomax.com\/tr\/wp-json\/wp\/v2\/pages\/2190\/revisions\/2643"}],"wp:featuredmedia":[{"embeddable":true,"href":"https:\/\/profenvisiomax.com\/tr\/wp-json\/wp\/v2\/media\/2559"}],"wp:attachment":[{"href":"https:\/\/profenvisiomax.com\/tr\/wp-json\/wp\/v2\/media?parent=2190"}],"curies":[{"name":"wp","href":"https:\/\/api.w.org\/{rel}","templated":true}]}}